{"id":872,"date":"2025-10-23T14:21:15","date_gmt":"2025-10-23T12:21:15","guid":{"rendered":"http:\/\/570780784.swh.strato-hosting.eu\/?page_id=872"},"modified":"2025-11-11T10:54:35","modified_gmt":"2025-11-11T09:54:35","slug":"znu-standard-nachhaltiger-wirtschaften","status":"publish","type":"page","link":"https:\/\/ifta-ag.de\/en\/zertifizierungsstandards\/znu-standard-nachhaltiger-wirtschaften\/","title":{"rendered":"ZNU Standard driving sustainable change"},"content":{"rendered":"<div data-elementor-type=\"wp-page\" data-elementor-id=\"872\" class=\"elementor elementor-872\" data-elementor-post-type=\"page\">\n\t\t\t\t<div class=\"elementor-element elementor-element-2d6461d e-flex e-con-boxed e-con e-parent\" data-id=\"2d6461d\" data-element_type=\"container\" data-e-type=\"container\">\n\t\t\t\t\t<div class=\"e-con-inner\">\n\t\t\t\t<div class=\"elementor-element elementor-element-d15e2db elementor-widget elementor-widget-text-editor\" data-id=\"d15e2db\" data-element_type=\"widget\" data-e-type=\"widget\" data-widget_type=\"text-editor.default\">\n\t\t\t\t\t\t\t\t\t<p><a href=\"https:\/\/ifta-ag.de\/en\/zertifizierungsstandards\/\">&lt;&lt; Zur\u00fcck<\/a><\/p>\t\t\t\t\t\t\t\t<\/div>\n\t\t\t\t\t<\/div>\n\t\t\t\t<\/div>\n\t\t<div class=\"elementor-element elementor-element-2f0e7c8 e-flex e-con-boxed e-con e-parent\" data-id=\"2f0e7c8\" data-element_type=\"container\" data-e-type=\"container\">\n\t\t\t\t\t<div class=\"e-con-inner\">\n\t\t<div class=\"elementor-element elementor-element-57dd31d e-con-full e-flex e-con e-child\" data-id=\"57dd31d\" data-element_type=\"container\" data-e-type=\"container\">\n\t\t<div class=\"elementor-element elementor-element-feeda10 e-con-full e-flex e-con e-child\" data-id=\"feeda10\" data-element_type=\"container\" data-e-type=\"container\">\n\t\t\t\t<div class=\"elementor-element elementor-element-eb9ea68 elementor-widget elementor-widget-heading\" data-id=\"eb9ea68\" data-element_type=\"widget\" data-e-type=\"widget\" data-widget_type=\"heading.default\">\n\t\t\t\t\t<h2 class=\"elementor-heading-title elementor-size-default\">ZNU Standard driving sustainable change<\/h2>\t\t\t\t<\/div>\n\t\t\t\t<\/div>\n\t\t<div class=\"elementor-element elementor-element-dd81a99 e-con-full e-flex e-con e-child\" data-id=\"dd81a99\" data-element_type=\"container\" data-e-type=\"container\">\n\t\t\t\t<div class=\"elementor-element elementor-element-05402c6 elementor-widget elementor-widget-image\" data-id=\"05402c6\" data-element_type=\"widget\" data-e-type=\"widget\" data-widget_type=\"image.default\">\n\t\t\t\t\t\t\t\t\t\t\t\t\t\t\t<img fetchpriority=\"high\" decoding=\"async\" width=\"298\" height=\"270\" src=\"https:\/\/ifta-ag.de\/wp-content\/uploads\/2025\/09\/zertifizierungsstandards_frei.png\" class=\"attachment-medium size-medium wp-image-608\" alt=\"\" srcset=\"https:\/\/ifta-ag.de\/wp-content\/uploads\/2025\/09\/zertifizierungsstandards_frei.png 298w, https:\/\/ifta-ag.de\/wp-content\/uploads\/2025\/09\/zertifizierungsstandards_frei-13x12.png 13w\" sizes=\"(max-width: 298px) 100vw, 298px\" \/>\t\t\t\t\t\t\t\t\t\t\t\t\t\t\t<\/div>\n\t\t\t\t<\/div>\n\t\t\t\t<\/div>\n\t\t\t\t\t<\/div>\n\t\t\t\t<\/div>\n\t\t<div class=\"elementor-element elementor-element-19dbbae e-flex e-con-boxed e-con e-parent\" data-id=\"19dbbae\" data-element_type=\"container\" data-e-type=\"container\">\n\t\t\t\t\t<div class=\"e-con-inner\">\n\t\t\t\t<div class=\"elementor-element elementor-element-6f2274c elementor-widget elementor-widget-text-editor\" data-id=\"6f2274c\" data-element_type=\"widget\" data-e-type=\"widget\" data-widget_type=\"text-editor.default\">\n\t\t\t\t\t\t\t\t\t<p class=\"western\">The ZNU Standard Driving Sustainable Change is a certification standard for companies that promotes a holistic management process for sustainable management. It integrates the three dimensions of sustainability\u2014environment, economy, and social issues\u2014and enables companies to improve step by step and make their sustainability performance transparent.\u00a0<\/p><p class=\"western\">Further information on the ZNU Standard Driving Sustainable Changecan be found at <span style=\"color: #467886;\"><u><a href=\"https:\/\/mehrwert-nachhaltigkeit.de\/znu-standard\">https:\/\/mehrwert-nachhaltigkeit.de\/znu-standard<\/a><\/u><\/span><\/p><p class=\"western\"><br \/>We offer certification in the following areas:<\/p><p class=\"western\"><b>Agriculture, Animal Feed Sector, Food Industry<br \/>Medical and Healthcare<br \/>Industry, trade, services<br \/><\/b><b><\/b><b>Sustainability, Energy and Environment<\/b><\/p><p class=\"western\"><br \/>For further information or a non-binding offer, please call us on 0049 30 4788030 or send us an email to: <span style=\"color: #467886;\"><u><a href=\"mailto:info@ifta-ag.de\">info@ifta-ag.de<\/a><\/u><\/span><\/p><p class=\"western\">\u00a0<\/p>\t\t\t\t\t\t\t\t<\/div>\n\t\t\t\t<div class=\"elementor-element elementor-element-441c22d elementor-hidden-desktop elementor-hidden-tablet elementor-hidden-mobile elementor-widget elementor-widget-button\" data-id=\"441c22d\" data-element_type=\"widget\" data-e-type=\"widget\" data-widget_type=\"button.default\">\n\t\t\t\t\t\t\t\t\t\t<a class=\"elementor-button elementor-button-link elementor-size-sm\" href=\"#\">\n\t\t\t\t\t\t<span class=\"elementor-button-content-wrapper\">\n\t\t\t\t\t\t\t\t\t<span class=\"elementor-button-text\">Download<\/span>\n\t\t\t\t\t<\/span>\n\t\t\t\t\t<\/a>\n\t\t\t\t\t\t\t\t<\/div>\n\t\t\t\t\t<\/div>\n\t\t\t\t<\/div>\n\t\t\t\t<\/div>","protected":false},"excerpt":{"rendered":"<p>&lt;&lt; Zur\u00fcck ZNU Standard Nachhaltiger Wirtschaften Der ZNU Standard Nachhaltiger Wirtschaften ist ein\u00a0Zertifizierungsstandard f\u00fcr Unternehmen, der einen ganzheitlichen Managementprozess f\u00fcr nachhaltiges Wirtschaften f\u00f6rdert.\u00a0Er integriert die drei Dimensionen der Nachhaltigkeit \u2013 Umwelt, Wirtschaft und Soziales \u2013 und erm\u00f6glicht Unternehmen, sich schrittweise zu verbessern und ihre Nachhaltigkeitsleistungen transparent zu machen.\u00a0 Weiterf\u00fchrende Informationen zum ZNU Standard Nachhaltiger Wirtschaften [&hellip;]<\/p>\n","protected":false},"author":1,"featured_media":0,"parent":57,"menu_order":0,"comment_status":"closed","ping_status":"closed","template":"","meta":{"footnotes":""},"class_list":["post-872","page","type-page","status-publish","hentry"],"yoast_head":"<!-- This site is optimized with the Yoast SEO plugin v27.2 - https:\/\/yoast.com\/product\/yoast-seo-wordpress\/ -->\n<title>ZNU Standard Nachhaltiger Wirtschaften - IFTA AG - Kompetenz aus einer Hand.<\/title>\n<meta name=\"robots\" content=\"index, follow, max-snippet:-1, max-image-preview:large, max-video-preview:-1\" \/>\n<link rel=\"canonical\" href=\"https:\/\/ifta-ag.de\/en\/zertifizierungsstandards\/znu-standard-nachhaltiger-wirtschaften\/\" \/>\n<meta property=\"og:locale\" content=\"en_GB\" \/>\n<meta property=\"og:type\" content=\"article\" \/>\n<meta property=\"og:title\" content=\"ZNU Standard Nachhaltiger Wirtschaften - IFTA AG - Kompetenz aus einer Hand.\" \/>\n<meta property=\"og:description\" content=\"&lt;&lt; Zur\u00fcck ZNU Standard Nachhaltiger Wirtschaften Der ZNU Standard Nachhaltiger Wirtschaften ist ein\u00a0Zertifizierungsstandard f\u00fcr Unternehmen, der einen ganzheitlichen Managementprozess f\u00fcr nachhaltiges Wirtschaften f\u00f6rdert.\u00a0Er integriert die drei Dimensionen der Nachhaltigkeit \u2013 Umwelt, Wirtschaft und Soziales \u2013 und erm\u00f6glicht Unternehmen, sich schrittweise zu verbessern und ihre Nachhaltigkeitsleistungen transparent zu machen.\u00a0 Weiterf\u00fchrende Informationen zum ZNU Standard Nachhaltiger Wirtschaften [&hellip;]\" \/>\n<meta property=\"og:url\" content=\"https:\/\/ifta-ag.de\/en\/zertifizierungsstandards\/znu-standard-nachhaltiger-wirtschaften\/\" \/>\n<meta property=\"og:site_name\" content=\"IFTA AG - Kompetenz aus einer Hand.\" \/>\n<meta property=\"article:modified_time\" content=\"2025-11-11T09:54:35+00:00\" \/>\n<meta property=\"og:image\" content=\"https:\/\/ifta-ag.de\/wp-content\/uploads\/2025\/09\/zertifizierungsstandards_frei.png\" \/>\n<meta name=\"twitter:card\" content=\"summary_large_image\" \/>\n<meta name=\"twitter:label1\" content=\"Estimated reading time\" \/>\n\t<meta name=\"twitter:data1\" content=\"1 minute\" \/>\n<script type=\"application\/ld+json\" class=\"yoast-schema-graph\">{\"@context\":\"https:\/\/schema.org\",\"@graph\":[{\"@type\":\"WebPage\",\"@id\":\"https:\/\/ifta-ag.de\/en\/zertifizierungsstandards\/znu-standard-nachhaltiger-wirtschaften\/\",\"url\":\"https:\/\/ifta-ag.de\/en\/zertifizierungsstandards\/znu-standard-nachhaltiger-wirtschaften\/\",\"name\":\"ZNU Standard Nachhaltiger Wirtschaften - IFTA AG - Kompetenz aus einer Hand.\",\"isPartOf\":{\"@id\":\"https:\/\/ifta-ag.de\/#website\"},\"primaryImageOfPage\":{\"@id\":\"https:\/\/ifta-ag.de\/en\/zertifizierungsstandards\/znu-standard-nachhaltiger-wirtschaften\/#primaryimage\"},\"image\":{\"@id\":\"https:\/\/ifta-ag.de\/en\/zertifizierungsstandards\/znu-standard-nachhaltiger-wirtschaften\/#primaryimage\"},\"thumbnailUrl\":\"https:\/\/ifta-ag.de\/wp-content\/uploads\/2025\/09\/zertifizierungsstandards_frei.png\",\"datePublished\":\"2025-10-23T12:21:15+00:00\",\"dateModified\":\"2025-11-11T09:54:35+00:00\",\"breadcrumb\":{\"@id\":\"https:\/\/ifta-ag.de\/en\/zertifizierungsstandards\/znu-standard-nachhaltiger-wirtschaften\/#breadcrumb\"},\"inLanguage\":\"en-GB\",\"potentialAction\":[{\"@type\":\"ReadAction\",\"target\":[\"https:\/\/ifta-ag.de\/en\/zertifizierungsstandards\/znu-standard-nachhaltiger-wirtschaften\/\"]}]},{\"@type\":\"ImageObject\",\"inLanguage\":\"en-GB\",\"@id\":\"https:\/\/ifta-ag.de\/en\/zertifizierungsstandards\/znu-standard-nachhaltiger-wirtschaften\/#primaryimage\",\"url\":\"https:\/\/ifta-ag.de\/wp-content\/uploads\/2025\/09\/zertifizierungsstandards_frei.png\",\"contentUrl\":\"https:\/\/ifta-ag.de\/wp-content\/uploads\/2025\/09\/zertifizierungsstandards_frei.png\"},{\"@type\":\"BreadcrumbList\",\"@id\":\"https:\/\/ifta-ag.de\/en\/zertifizierungsstandards\/znu-standard-nachhaltiger-wirtschaften\/#breadcrumb\",\"itemListElement\":[{\"@type\":\"ListItem\",\"position\":1,\"name\":\"Startseite\",\"item\":\"https:\/\/ifta-ag.de\/\"},{\"@type\":\"ListItem\",\"position\":2,\"name\":\"Zertifizierungsstandards\",\"item\":\"https:\/\/ifta-ag.de\/zertifizierungsstandards\/\"},{\"@type\":\"ListItem\",\"position\":3,\"name\":\"ZNU Standard Nachhaltiger Wirtschaften\"}]},{\"@type\":\"WebSite\",\"@id\":\"https:\/\/ifta-ag.de\/#website\",\"url\":\"https:\/\/ifta-ag.de\/\",\"name\":\"IFTA AG - Kompetenz aus einer Hand.\",\"description\":\"\",\"publisher\":{\"@id\":\"https:\/\/ifta-ag.de\/#organization\"},\"potentialAction\":[{\"@type\":\"SearchAction\",\"target\":{\"@type\":\"EntryPoint\",\"urlTemplate\":\"https:\/\/ifta-ag.de\/?s={search_term_string}\"},\"query-input\":{\"@type\":\"PropertyValueSpecification\",\"valueRequired\":true,\"valueName\":\"search_term_string\"}}],\"inLanguage\":\"en-GB\"},{\"@type\":\"Organization\",\"@id\":\"https:\/\/ifta-ag.de\/#organization\",\"name\":\"IFTA AG - Kompetenz aus einer Hand.\",\"url\":\"https:\/\/ifta-ag.de\/\",\"logo\":{\"@type\":\"ImageObject\",\"inLanguage\":\"en-GB\",\"@id\":\"https:\/\/ifta-ag.de\/#\/schema\/logo\/image\/\",\"url\":\"https:\/\/ifta-ag.de\/wp-content\/uploads\/2025\/08\/IFTA-AG-Logo-01.png\",\"contentUrl\":\"https:\/\/ifta-ag.de\/wp-content\/uploads\/2025\/08\/IFTA-AG-Logo-01.png\",\"width\":541,\"height\":176,\"caption\":\"IFTA AG - Kompetenz aus einer Hand.\"},\"image\":{\"@id\":\"https:\/\/ifta-ag.de\/#\/schema\/logo\/image\/\"}}]}<\/script>\n<!-- \/ Yoast SEO plugin. -->","yoast_head_json":{"title":"ZNU Standard Nachhaltiger Wirtschaften - IFTA AG - Kompetenz aus einer Hand.","robots":{"index":"index","follow":"follow","max-snippet":"max-snippet:-1","max-image-preview":"max-image-preview:large","max-video-preview":"max-video-preview:-1"},"canonical":"https:\/\/ifta-ag.de\/en\/zertifizierungsstandards\/znu-standard-nachhaltiger-wirtschaften\/","og_locale":"en_GB","og_type":"article","og_title":"ZNU Standard Nachhaltiger Wirtschaften - IFTA AG - Kompetenz aus einer Hand.","og_description":"&lt;&lt; Zur\u00fcck ZNU Standard Nachhaltiger Wirtschaften Der ZNU Standard Nachhaltiger Wirtschaften ist ein\u00a0Zertifizierungsstandard f\u00fcr Unternehmen, der einen ganzheitlichen Managementprozess f\u00fcr nachhaltiges Wirtschaften f\u00f6rdert.\u00a0Er integriert die drei Dimensionen der Nachhaltigkeit \u2013 Umwelt, Wirtschaft und Soziales \u2013 und erm\u00f6glicht Unternehmen, sich schrittweise zu verbessern und ihre Nachhaltigkeitsleistungen transparent zu machen.\u00a0 Weiterf\u00fchrende Informationen zum ZNU Standard Nachhaltiger Wirtschaften [&hellip;]","og_url":"https:\/\/ifta-ag.de\/en\/zertifizierungsstandards\/znu-standard-nachhaltiger-wirtschaften\/","og_site_name":"IFTA AG - Kompetenz aus einer Hand.","article_modified_time":"2025-11-11T09:54:35+00:00","og_image":[{"url":"https:\/\/ifta-ag.de\/wp-content\/uploads\/2025\/09\/zertifizierungsstandards_frei.png","type":"","width":"","height":""}],"twitter_card":"summary_large_image","twitter_misc":{"Estimated reading time":"1 minute"},"schema":{"@context":"https:\/\/schema.org","@graph":[{"@type":"WebPage","@id":"https:\/\/ifta-ag.de\/en\/zertifizierungsstandards\/znu-standard-nachhaltiger-wirtschaften\/","url":"https:\/\/ifta-ag.de\/en\/zertifizierungsstandards\/znu-standard-nachhaltiger-wirtschaften\/","name":"ZNU Standard Nachhaltiger Wirtschaften - IFTA AG - Kompetenz aus einer Hand.","isPartOf":{"@id":"https:\/\/ifta-ag.de\/#website"},"primaryImageOfPage":{"@id":"https:\/\/ifta-ag.de\/en\/zertifizierungsstandards\/znu-standard-nachhaltiger-wirtschaften\/#primaryimage"},"image":{"@id":"https:\/\/ifta-ag.de\/en\/zertifizierungsstandards\/znu-standard-nachhaltiger-wirtschaften\/#primaryimage"},"thumbnailUrl":"https:\/\/ifta-ag.de\/wp-content\/uploads\/2025\/09\/zertifizierungsstandards_frei.png","datePublished":"2025-10-23T12:21:15+00:00","dateModified":"2025-11-11T09:54:35+00:00","breadcrumb":{"@id":"https:\/\/ifta-ag.de\/en\/zertifizierungsstandards\/znu-standard-nachhaltiger-wirtschaften\/#breadcrumb"},"inLanguage":"en-GB","potentialAction":[{"@type":"ReadAction","target":["https:\/\/ifta-ag.de\/en\/zertifizierungsstandards\/znu-standard-nachhaltiger-wirtschaften\/"]}]},{"@type":"ImageObject","inLanguage":"en-GB","@id":"https:\/\/ifta-ag.de\/en\/zertifizierungsstandards\/znu-standard-nachhaltiger-wirtschaften\/#primaryimage","url":"https:\/\/ifta-ag.de\/wp-content\/uploads\/2025\/09\/zertifizierungsstandards_frei.png","contentUrl":"https:\/\/ifta-ag.de\/wp-content\/uploads\/2025\/09\/zertifizierungsstandards_frei.png"},{"@type":"BreadcrumbList","@id":"https:\/\/ifta-ag.de\/en\/zertifizierungsstandards\/znu-standard-nachhaltiger-wirtschaften\/#breadcrumb","itemListElement":[{"@type":"ListItem","position":1,"name":"Startseite","item":"https:\/\/ifta-ag.de\/"},{"@type":"ListItem","position":2,"name":"Zertifizierungsstandards","item":"https:\/\/ifta-ag.de\/zertifizierungsstandards\/"},{"@type":"ListItem","position":3,"name":"ZNU Standard Nachhaltiger Wirtschaften"}]},{"@type":"WebSite","@id":"https:\/\/ifta-ag.de\/#website","url":"https:\/\/ifta-ag.de\/","name":"IFTA AG - Kompetenz aus einer Hand.","description":"","publisher":{"@id":"https:\/\/ifta-ag.de\/#organization"},"potentialAction":[{"@type":"SearchAction","target":{"@type":"EntryPoint","urlTemplate":"https:\/\/ifta-ag.de\/?s={search_term_string}"},"query-input":{"@type":"PropertyValueSpecification","valueRequired":true,"valueName":"search_term_string"}}],"inLanguage":"en-GB"},{"@type":"Organization","@id":"https:\/\/ifta-ag.de\/#organization","name":"IFTA AG - Kompetenz aus einer Hand.","url":"https:\/\/ifta-ag.de\/","logo":{"@type":"ImageObject","inLanguage":"en-GB","@id":"https:\/\/ifta-ag.de\/#\/schema\/logo\/image\/","url":"https:\/\/ifta-ag.de\/wp-content\/uploads\/2025\/08\/IFTA-AG-Logo-01.png","contentUrl":"https:\/\/ifta-ag.de\/wp-content\/uploads\/2025\/08\/IFTA-AG-Logo-01.png","width":541,"height":176,"caption":"IFTA AG - Kompetenz aus einer Hand."},"image":{"@id":"https:\/\/ifta-ag.de\/#\/schema\/logo\/image\/"}}]}},"_links":{"self":[{"href":"https:\/\/ifta-ag.de\/en\/wp-json\/wp\/v2\/pages\/872","targetHints":{"allow":["GET"]}}],"collection":[{"href":"https:\/\/ifta-ag.de\/en\/wp-json\/wp\/v2\/pages"}],"about":[{"href":"https:\/\/ifta-ag.de\/en\/wp-json\/wp\/v2\/types\/page"}],"author":[{"embeddable":true,"href":"https:\/\/ifta-ag.de\/en\/wp-json\/wp\/v2\/users\/1"}],"replies":[{"embeddable":true,"href":"https:\/\/ifta-ag.de\/en\/wp-json\/wp\/v2\/comments?post=872"}],"version-history":[{"count":19,"href":"https:\/\/ifta-ag.de\/en\/wp-json\/wp\/v2\/pages\/872\/revisions"}],"predecessor-version":[{"id":1400,"href":"https:\/\/ifta-ag.de\/en\/wp-json\/wp\/v2\/pages\/872\/revisions\/1400"}],"up":[{"embeddable":true,"href":"https:\/\/ifta-ag.de\/en\/wp-json\/wp\/v2\/pages\/57"}],"wp:attachment":[{"href":"https:\/\/ifta-ag.de\/en\/wp-json\/wp\/v2\/media?parent=872"}],"curies":[{"name":"wp","href":"https:\/\/api.w.org\/{rel}","templated":true}]}}