{"id":719,"date":"2025-10-17T13:55:35","date_gmt":"2025-10-17T11:55:35","guid":{"rendered":"http:\/\/570780784.swh.strato-hosting.eu\/?page_id=719"},"modified":"2025-11-11T10:45:56","modified_gmt":"2025-11-11T09:45:56","slug":"qualitaetsmanagementsystemen-nach-din-en-iso-9001","status":"publish","type":"page","link":"https:\/\/ifta-ag.de\/en\/zertifizierungsstandards\/qualitaetsmanagementsystemen-nach-din-en-iso-9001\/","title":{"rendered":"Qualit\u00e4tsmanagement, DIN EN ISO 9001"},"content":{"rendered":"<div data-elementor-type=\"wp-page\" data-elementor-id=\"719\" class=\"elementor elementor-719\" data-elementor-post-type=\"page\">\n\t\t\t\t<div class=\"elementor-element elementor-element-2d6461d e-flex e-con-boxed e-con e-parent\" data-id=\"2d6461d\" data-element_type=\"container\" data-e-type=\"container\">\n\t\t\t\t\t<div class=\"e-con-inner\">\n\t\t\t\t<div class=\"elementor-element elementor-element-d15e2db elementor-widget elementor-widget-text-editor\" data-id=\"d15e2db\" data-element_type=\"widget\" data-e-type=\"widget\" data-widget_type=\"text-editor.default\">\n\t\t\t\t\t\t\t\t\t<p><a href=\"https:\/\/ifta-ag.de\/en\/zertifizierungsstandards\/\">&lt;&lt; Zur\u00fcck<\/a><\/p>\t\t\t\t\t\t\t\t<\/div>\n\t\t\t\t\t<\/div>\n\t\t\t\t<\/div>\n\t\t<div class=\"elementor-element elementor-element-2f0e7c8 e-flex e-con-boxed e-con e-parent\" data-id=\"2f0e7c8\" data-element_type=\"container\" data-e-type=\"container\">\n\t\t\t\t\t<div class=\"e-con-inner\">\n\t\t<div class=\"elementor-element elementor-element-57dd31d e-con-full e-flex e-con e-child\" data-id=\"57dd31d\" data-element_type=\"container\" data-e-type=\"container\">\n\t\t<div class=\"elementor-element elementor-element-feeda10 e-con-full e-flex e-con e-child\" data-id=\"feeda10\" data-element_type=\"container\" data-e-type=\"container\">\n\t\t\t\t<div class=\"elementor-element elementor-element-eb9ea68 elementor-widget elementor-widget-heading\" data-id=\"eb9ea68\" data-element_type=\"widget\" data-e-type=\"widget\" data-widget_type=\"heading.default\">\n\t\t\t\t\t<h2 class=\"elementor-heading-title elementor-size-default\">Quality Management DIN EN ISO 9001<\/h2>\t\t\t\t<\/div>\n\t\t\t\t<\/div>\n\t\t<div class=\"elementor-element elementor-element-dd81a99 e-con-full e-flex e-con e-child\" data-id=\"dd81a99\" data-element_type=\"container\" data-e-type=\"container\">\n\t\t\t\t<div class=\"elementor-element elementor-element-05402c6 elementor-widget elementor-widget-image\" data-id=\"05402c6\" data-element_type=\"widget\" data-e-type=\"widget\" data-widget_type=\"image.default\">\n\t\t\t\t\t\t\t\t\t\t\t\t\t\t\t<img fetchpriority=\"high\" decoding=\"async\" width=\"298\" height=\"270\" src=\"https:\/\/ifta-ag.de\/wp-content\/uploads\/2025\/09\/zertifizierungsstandards_frei.png\" class=\"attachment-medium size-medium wp-image-608\" alt=\"\" srcset=\"https:\/\/ifta-ag.de\/wp-content\/uploads\/2025\/09\/zertifizierungsstandards_frei.png 298w, https:\/\/ifta-ag.de\/wp-content\/uploads\/2025\/09\/zertifizierungsstandards_frei-13x12.png 13w\" sizes=\"(max-width: 298px) 100vw, 298px\" \/>\t\t\t\t\t\t\t\t\t\t\t\t\t\t\t<\/div>\n\t\t\t\t<\/div>\n\t\t\t\t<\/div>\n\t\t\t\t\t<\/div>\n\t\t\t\t<\/div>\n\t\t<div class=\"elementor-element elementor-element-19dbbae e-flex e-con-boxed e-con e-parent\" data-id=\"19dbbae\" data-element_type=\"container\" data-e-type=\"container\">\n\t\t\t\t\t<div class=\"e-con-inner\">\n\t\t\t\t<div class=\"elementor-element elementor-element-6f2274c elementor-widget elementor-widget-text-editor\" data-id=\"6f2274c\" data-element_type=\"widget\" data-e-type=\"widget\" data-widget_type=\"text-editor.default\">\n\t\t\t\t\t\t\t\t\t<p class=\"western\">Quality management according to DIN EN ISO 9001 is a systematic approach to controlling and improving the quality of products, services, and processes within an organization. It is based on the international standard ISO 9001, which specifies requirements for a quality management system (QMS) in order to increase customer satisfaction and improve efficiency.<\/p><p class=\"western\"><br \/>We offer certification in the following areas:<\/p><p class=\"western\"><b>Agriculture, Animal Feed Sector, Food Industry<br \/><\/b><b>Medical and Healthcare<br \/><\/b><b>Industry, trade, services<br \/><\/b><b>Education and Social Services<\/b><\/p><p class=\"western\"><br \/>For further information or a non-binding offer, please call us on 0049 30 4788030 or send us an email to: <span style=\"color: #467886;\"><u><a href=\"mailto:info@ifta-ag.de\">info@ifta-ag.de<\/a><\/u><\/span><\/p>\t\t\t\t\t\t\t\t<\/div>\n\t\t\t\t<div class=\"elementor-element elementor-element-441c22d elementor-hidden-desktop elementor-hidden-tablet elementor-hidden-mobile elementor-widget elementor-widget-button\" data-id=\"441c22d\" data-element_type=\"widget\" data-e-type=\"widget\" data-widget_type=\"button.default\">\n\t\t\t\t\t\t\t\t\t\t<a class=\"elementor-button elementor-button-link elementor-size-sm\" href=\"#\">\n\t\t\t\t\t\t<span class=\"elementor-button-content-wrapper\">\n\t\t\t\t\t\t\t\t\t<span class=\"elementor-button-text\">Download<\/span>\n\t\t\t\t\t<\/span>\n\t\t\t\t\t<\/a>\n\t\t\t\t\t\t\t\t<\/div>\n\t\t\t\t\t<\/div>\n\t\t\t\t<\/div>\n\t\t\t\t<\/div>","protected":false},"excerpt":{"rendered":"<p>&lt;&lt; Zur\u00fcck Qualit\u00e4tsmanagement nach DIN EN ISO 9001 Qualit\u00e4tsmanagement nach DIN EN ISO 9001 ist ein systematischer Ansatz zur Lenkung und Verbesserung der Qualit\u00e4t von Produkten, Dienstleistungen und Prozessen innerhalb einer Organisation. Es basiert auf der internationalen Norm ISO 9001, die Anforderungen an ein Qualit\u00e4tsmanagementsystem (QMS) festlegt, um die Kundenzufriedenheit zu erh\u00f6hen und die Effizienz [&hellip;]<\/p>\n","protected":false},"author":1,"featured_media":0,"parent":57,"menu_order":0,"comment_status":"closed","ping_status":"closed","template":"","meta":{"footnotes":""},"class_list":["post-719","page","type-page","status-publish","hentry"],"yoast_head":"<!-- This site is optimized with the Yoast SEO plugin v27.2 - https:\/\/yoast.com\/product\/yoast-seo-wordpress\/ -->\n<title>Qualit\u00e4tsmanagement, DIN EN ISO 9001 - IFTA AG - Kompetenz aus einer Hand.<\/title>\n<meta name=\"robots\" content=\"index, follow, max-snippet:-1, max-image-preview:large, max-video-preview:-1\" \/>\n<link rel=\"canonical\" href=\"https:\/\/ifta-ag.de\/en\/zertifizierungsstandards\/qualitaetsmanagementsystemen-nach-din-en-iso-9001\/\" \/>\n<meta property=\"og:locale\" content=\"en_GB\" \/>\n<meta property=\"og:type\" content=\"article\" \/>\n<meta property=\"og:title\" content=\"Qualit\u00e4tsmanagement, DIN EN ISO 9001 - IFTA AG - Kompetenz aus einer Hand.\" \/>\n<meta property=\"og:description\" content=\"&lt;&lt; Zur\u00fcck Qualit\u00e4tsmanagement nach DIN EN ISO 9001 Qualit\u00e4tsmanagement nach DIN EN ISO 9001 ist ein systematischer Ansatz zur Lenkung und Verbesserung der Qualit\u00e4t von Produkten, Dienstleistungen und Prozessen innerhalb einer Organisation. Es basiert auf der internationalen Norm ISO 9001, die Anforderungen an ein Qualit\u00e4tsmanagementsystem (QMS) festlegt, um die Kundenzufriedenheit zu erh\u00f6hen und die Effizienz [&hellip;]\" \/>\n<meta property=\"og:url\" content=\"https:\/\/ifta-ag.de\/en\/zertifizierungsstandards\/qualitaetsmanagementsystemen-nach-din-en-iso-9001\/\" \/>\n<meta property=\"og:site_name\" content=\"IFTA AG - Kompetenz aus einer Hand.\" \/>\n<meta property=\"article:modified_time\" content=\"2025-11-11T09:45:56+00:00\" \/>\n<meta property=\"og:image\" content=\"https:\/\/ifta-ag.de\/wp-content\/uploads\/2025\/09\/zertifizierungsstandards_frei.png\" \/>\n<meta name=\"twitter:card\" content=\"summary_large_image\" \/>\n<meta name=\"twitter:label1\" content=\"Estimated reading time\" \/>\n\t<meta name=\"twitter:data1\" content=\"1 minute\" \/>\n<script type=\"application\/ld+json\" class=\"yoast-schema-graph\">{\"@context\":\"https:\/\/schema.org\",\"@graph\":[{\"@type\":\"WebPage\",\"@id\":\"https:\/\/ifta-ag.de\/en\/zertifizierungsstandards\/qualitaetsmanagementsystemen-nach-din-en-iso-9001\/\",\"url\":\"https:\/\/ifta-ag.de\/en\/zertifizierungsstandards\/qualitaetsmanagementsystemen-nach-din-en-iso-9001\/\",\"name\":\"Qualit\u00e4tsmanagement, DIN EN ISO 9001 - IFTA AG - Kompetenz aus einer Hand.\",\"isPartOf\":{\"@id\":\"https:\/\/ifta-ag.de\/#website\"},\"primaryImageOfPage\":{\"@id\":\"https:\/\/ifta-ag.de\/en\/zertifizierungsstandards\/qualitaetsmanagementsystemen-nach-din-en-iso-9001\/#primaryimage\"},\"image\":{\"@id\":\"https:\/\/ifta-ag.de\/en\/zertifizierungsstandards\/qualitaetsmanagementsystemen-nach-din-en-iso-9001\/#primaryimage\"},\"thumbnailUrl\":\"https:\/\/ifta-ag.de\/wp-content\/uploads\/2025\/09\/zertifizierungsstandards_frei.png\",\"datePublished\":\"2025-10-17T11:55:35+00:00\",\"dateModified\":\"2025-11-11T09:45:56+00:00\",\"breadcrumb\":{\"@id\":\"https:\/\/ifta-ag.de\/en\/zertifizierungsstandards\/qualitaetsmanagementsystemen-nach-din-en-iso-9001\/#breadcrumb\"},\"inLanguage\":\"en-GB\",\"potentialAction\":[{\"@type\":\"ReadAction\",\"target\":[\"https:\/\/ifta-ag.de\/en\/zertifizierungsstandards\/qualitaetsmanagementsystemen-nach-din-en-iso-9001\/\"]}]},{\"@type\":\"ImageObject\",\"inLanguage\":\"en-GB\",\"@id\":\"https:\/\/ifta-ag.de\/en\/zertifizierungsstandards\/qualitaetsmanagementsystemen-nach-din-en-iso-9001\/#primaryimage\",\"url\":\"https:\/\/ifta-ag.de\/wp-content\/uploads\/2025\/09\/zertifizierungsstandards_frei.png\",\"contentUrl\":\"https:\/\/ifta-ag.de\/wp-content\/uploads\/2025\/09\/zertifizierungsstandards_frei.png\"},{\"@type\":\"BreadcrumbList\",\"@id\":\"https:\/\/ifta-ag.de\/en\/zertifizierungsstandards\/qualitaetsmanagementsystemen-nach-din-en-iso-9001\/#breadcrumb\",\"itemListElement\":[{\"@type\":\"ListItem\",\"position\":1,\"name\":\"Startseite\",\"item\":\"https:\/\/ifta-ag.de\/\"},{\"@type\":\"ListItem\",\"position\":2,\"name\":\"Zertifizierungsstandards\",\"item\":\"https:\/\/ifta-ag.de\/zertifizierungsstandards\/\"},{\"@type\":\"ListItem\",\"position\":3,\"name\":\"Qualit\u00e4tsmanagement, DIN EN ISO 9001\"}]},{\"@type\":\"WebSite\",\"@id\":\"https:\/\/ifta-ag.de\/#website\",\"url\":\"https:\/\/ifta-ag.de\/\",\"name\":\"IFTA AG - Kompetenz aus einer Hand.\",\"description\":\"\",\"publisher\":{\"@id\":\"https:\/\/ifta-ag.de\/#organization\"},\"potentialAction\":[{\"@type\":\"SearchAction\",\"target\":{\"@type\":\"EntryPoint\",\"urlTemplate\":\"https:\/\/ifta-ag.de\/?s={search_term_string}\"},\"query-input\":{\"@type\":\"PropertyValueSpecification\",\"valueRequired\":true,\"valueName\":\"search_term_string\"}}],\"inLanguage\":\"en-GB\"},{\"@type\":\"Organization\",\"@id\":\"https:\/\/ifta-ag.de\/#organization\",\"name\":\"IFTA AG - Kompetenz aus einer Hand.\",\"url\":\"https:\/\/ifta-ag.de\/\",\"logo\":{\"@type\":\"ImageObject\",\"inLanguage\":\"en-GB\",\"@id\":\"https:\/\/ifta-ag.de\/#\/schema\/logo\/image\/\",\"url\":\"https:\/\/ifta-ag.de\/wp-content\/uploads\/2025\/08\/IFTA-AG-Logo-01.png\",\"contentUrl\":\"https:\/\/ifta-ag.de\/wp-content\/uploads\/2025\/08\/IFTA-AG-Logo-01.png\",\"width\":541,\"height\":176,\"caption\":\"IFTA AG - Kompetenz aus einer Hand.\"},\"image\":{\"@id\":\"https:\/\/ifta-ag.de\/#\/schema\/logo\/image\/\"}}]}<\/script>\n<!-- \/ Yoast SEO plugin. -->","yoast_head_json":{"title":"Qualit\u00e4tsmanagement, DIN EN ISO 9001 - IFTA AG - Kompetenz aus einer Hand.","robots":{"index":"index","follow":"follow","max-snippet":"max-snippet:-1","max-image-preview":"max-image-preview:large","max-video-preview":"max-video-preview:-1"},"canonical":"https:\/\/ifta-ag.de\/en\/zertifizierungsstandards\/qualitaetsmanagementsystemen-nach-din-en-iso-9001\/","og_locale":"en_GB","og_type":"article","og_title":"Qualit\u00e4tsmanagement, DIN EN ISO 9001 - IFTA AG - Kompetenz aus einer Hand.","og_description":"&lt;&lt; Zur\u00fcck Qualit\u00e4tsmanagement nach DIN EN ISO 9001 Qualit\u00e4tsmanagement nach DIN EN ISO 9001 ist ein systematischer Ansatz zur Lenkung und Verbesserung der Qualit\u00e4t von Produkten, Dienstleistungen und Prozessen innerhalb einer Organisation. Es basiert auf der internationalen Norm ISO 9001, die Anforderungen an ein Qualit\u00e4tsmanagementsystem (QMS) festlegt, um die Kundenzufriedenheit zu erh\u00f6hen und die Effizienz [&hellip;]","og_url":"https:\/\/ifta-ag.de\/en\/zertifizierungsstandards\/qualitaetsmanagementsystemen-nach-din-en-iso-9001\/","og_site_name":"IFTA AG - Kompetenz aus einer Hand.","article_modified_time":"2025-11-11T09:45:56+00:00","og_image":[{"url":"https:\/\/ifta-ag.de\/wp-content\/uploads\/2025\/09\/zertifizierungsstandards_frei.png","type":"","width":"","height":""}],"twitter_card":"summary_large_image","twitter_misc":{"Estimated reading time":"1 minute"},"schema":{"@context":"https:\/\/schema.org","@graph":[{"@type":"WebPage","@id":"https:\/\/ifta-ag.de\/en\/zertifizierungsstandards\/qualitaetsmanagementsystemen-nach-din-en-iso-9001\/","url":"https:\/\/ifta-ag.de\/en\/zertifizierungsstandards\/qualitaetsmanagementsystemen-nach-din-en-iso-9001\/","name":"Qualit\u00e4tsmanagement, DIN EN ISO 9001 - IFTA AG - Kompetenz aus einer Hand.","isPartOf":{"@id":"https:\/\/ifta-ag.de\/#website"},"primaryImageOfPage":{"@id":"https:\/\/ifta-ag.de\/en\/zertifizierungsstandards\/qualitaetsmanagementsystemen-nach-din-en-iso-9001\/#primaryimage"},"image":{"@id":"https:\/\/ifta-ag.de\/en\/zertifizierungsstandards\/qualitaetsmanagementsystemen-nach-din-en-iso-9001\/#primaryimage"},"thumbnailUrl":"https:\/\/ifta-ag.de\/wp-content\/uploads\/2025\/09\/zertifizierungsstandards_frei.png","datePublished":"2025-10-17T11:55:35+00:00","dateModified":"2025-11-11T09:45:56+00:00","breadcrumb":{"@id":"https:\/\/ifta-ag.de\/en\/zertifizierungsstandards\/qualitaetsmanagementsystemen-nach-din-en-iso-9001\/#breadcrumb"},"inLanguage":"en-GB","potentialAction":[{"@type":"ReadAction","target":["https:\/\/ifta-ag.de\/en\/zertifizierungsstandards\/qualitaetsmanagementsystemen-nach-din-en-iso-9001\/"]}]},{"@type":"ImageObject","inLanguage":"en-GB","@id":"https:\/\/ifta-ag.de\/en\/zertifizierungsstandards\/qualitaetsmanagementsystemen-nach-din-en-iso-9001\/#primaryimage","url":"https:\/\/ifta-ag.de\/wp-content\/uploads\/2025\/09\/zertifizierungsstandards_frei.png","contentUrl":"https:\/\/ifta-ag.de\/wp-content\/uploads\/2025\/09\/zertifizierungsstandards_frei.png"},{"@type":"BreadcrumbList","@id":"https:\/\/ifta-ag.de\/en\/zertifizierungsstandards\/qualitaetsmanagementsystemen-nach-din-en-iso-9001\/#breadcrumb","itemListElement":[{"@type":"ListItem","position":1,"name":"Startseite","item":"https:\/\/ifta-ag.de\/"},{"@type":"ListItem","position":2,"name":"Zertifizierungsstandards","item":"https:\/\/ifta-ag.de\/zertifizierungsstandards\/"},{"@type":"ListItem","position":3,"name":"Qualit\u00e4tsmanagement, DIN EN ISO 9001"}]},{"@type":"WebSite","@id":"https:\/\/ifta-ag.de\/#website","url":"https:\/\/ifta-ag.de\/","name":"IFTA AG - Kompetenz aus einer Hand.","description":"","publisher":{"@id":"https:\/\/ifta-ag.de\/#organization"},"potentialAction":[{"@type":"SearchAction","target":{"@type":"EntryPoint","urlTemplate":"https:\/\/ifta-ag.de\/?s={search_term_string}"},"query-input":{"@type":"PropertyValueSpecification","valueRequired":true,"valueName":"search_term_string"}}],"inLanguage":"en-GB"},{"@type":"Organization","@id":"https:\/\/ifta-ag.de\/#organization","name":"IFTA AG - Kompetenz aus einer Hand.","url":"https:\/\/ifta-ag.de\/","logo":{"@type":"ImageObject","inLanguage":"en-GB","@id":"https:\/\/ifta-ag.de\/#\/schema\/logo\/image\/","url":"https:\/\/ifta-ag.de\/wp-content\/uploads\/2025\/08\/IFTA-AG-Logo-01.png","contentUrl":"https:\/\/ifta-ag.de\/wp-content\/uploads\/2025\/08\/IFTA-AG-Logo-01.png","width":541,"height":176,"caption":"IFTA AG - Kompetenz aus einer Hand."},"image":{"@id":"https:\/\/ifta-ag.de\/#\/schema\/logo\/image\/"}}]}},"_links":{"self":[{"href":"https:\/\/ifta-ag.de\/en\/wp-json\/wp\/v2\/pages\/719","targetHints":{"allow":["GET"]}}],"collection":[{"href":"https:\/\/ifta-ag.de\/en\/wp-json\/wp\/v2\/pages"}],"about":[{"href":"https:\/\/ifta-ag.de\/en\/wp-json\/wp\/v2\/types\/page"}],"author":[{"embeddable":true,"href":"https:\/\/ifta-ag.de\/en\/wp-json\/wp\/v2\/users\/1"}],"replies":[{"embeddable":true,"href":"https:\/\/ifta-ag.de\/en\/wp-json\/wp\/v2\/comments?post=719"}],"version-history":[{"count":26,"href":"https:\/\/ifta-ag.de\/en\/wp-json\/wp\/v2\/pages\/719\/revisions"}],"predecessor-version":[{"id":1378,"href":"https:\/\/ifta-ag.de\/en\/wp-json\/wp\/v2\/pages\/719\/revisions\/1378"}],"up":[{"embeddable":true,"href":"https:\/\/ifta-ag.de\/en\/wp-json\/wp\/v2\/pages\/57"}],"wp:attachment":[{"href":"https:\/\/ifta-ag.de\/en\/wp-json\/wp\/v2\/media?parent=719"}],"curies":[{"name":"wp","href":"https:\/\/api.w.org\/{rel}","templated":true}]}}