{"id":61,"date":"2025-08-11T12:20:19","date_gmt":"2025-08-11T10:20:19","guid":{"rendered":"http:\/\/ifta-ag.com\/?page_id=61"},"modified":"2025-11-24T11:53:20","modified_gmt":"2025-11-24T10:53:20","slug":"projekte","status":"publish","type":"page","link":"https:\/\/ifta-ag.de\/en\/projekte\/","title":{"rendered":"Projects"},"content":{"rendered":"<div data-elementor-type=\"wp-page\" data-elementor-id=\"61\" class=\"elementor elementor-61\" data-elementor-post-type=\"page\">\n\t\t\t\t<div class=\"elementor-element elementor-element-f00a3c5 e-con-full e-flex e-con e-parent\" data-id=\"f00a3c5\" data-element_type=\"container\" data-e-type=\"container\" data-settings=\"{&quot;background_background&quot;:&quot;classic&quot;}\">\n\t\t<div class=\"elementor-element elementor-element-2d92bc6 e-con-full e-flex e-con e-child\" data-id=\"2d92bc6\" data-element_type=\"container\" data-e-type=\"container\" data-settings=\"{&quot;background_background&quot;:&quot;classic&quot;}\">\n\t\t\t\t<div class=\"elementor-element elementor-element-3971b9c elementor-widget elementor-widget-heading\" data-id=\"3971b9c\" data-element_type=\"widget\" data-e-type=\"widget\" data-widget_type=\"heading.default\">\n\t\t\t\t\t<h1 class=\"elementor-heading-title elementor-size-default\">Projects<\/h1>\t\t\t\t<\/div>\n\t\t\t\t<\/div>\n\t\t\t\t<\/div>\n\t\t<div class=\"elementor-element elementor-element-3d851ad e-flex e-con-boxed e-con e-parent\" data-id=\"3d851ad\" data-element_type=\"container\" data-e-type=\"container\">\n\t\t\t\t\t<div class=\"e-con-inner\">\n\t\t<div class=\"elementor-element elementor-element-2bf6cd4 e-con-full e-flex e-con e-child\" data-id=\"2bf6cd4\" data-element_type=\"container\" data-e-type=\"container\">\n\t\t<div class=\"elementor-element elementor-element-3413984 e-con-full e-flex e-con e-child\" data-id=\"3413984\" data-element_type=\"container\" data-e-type=\"container\">\n\t\t\t\t<div class=\"elementor-element elementor-element-20075d4 elementor-widget elementor-widget-heading\" data-id=\"20075d4\" data-element_type=\"widget\" data-e-type=\"widget\" data-widget_type=\"heading.default\">\n\t\t\t\t\t<h2 class=\"elementor-heading-title elementor-size-default\">Projects<\/h2>\t\t\t\t<\/div>\n\t\t\t\t<\/div>\n\t\t<div class=\"elementor-element elementor-element-58beb69 e-con-full e-flex e-con e-child\" data-id=\"58beb69\" data-element_type=\"container\" data-e-type=\"container\">\n\t\t\t\t<div class=\"elementor-element elementor-element-8e27f47 elementor-widget elementor-widget-image\" data-id=\"8e27f47\" data-element_type=\"widget\" data-e-type=\"widget\" data-widget_type=\"image.default\">\n\t\t\t\t\t\t\t\t\t\t\t\t\t\t\t<img fetchpriority=\"high\" decoding=\"async\" width=\"300\" height=\"266\" src=\"https:\/\/ifta-ag.de\/wp-content\/uploads\/2025\/09\/Projekte_Fotolia_64549446_XS_frei-300x266.png\" class=\"attachment-medium size-medium wp-image-607\" alt=\"IFTA AG Ordner\" srcset=\"https:\/\/ifta-ag.de\/wp-content\/uploads\/2025\/09\/Projekte_Fotolia_64549446_XS_frei-300x266.png 300w, https:\/\/ifta-ag.de\/wp-content\/uploads\/2025\/09\/Projekte_Fotolia_64549446_XS_frei-14x12.png 14w, https:\/\/ifta-ag.de\/wp-content\/uploads\/2025\/09\/Projekte_Fotolia_64549446_XS_frei.png 368w\" sizes=\"(max-width: 300px) 100vw, 300px\" \/>\t\t\t\t\t\t\t\t\t\t\t\t\t\t\t<\/div>\n\t\t\t\t<\/div>\n\t\t\t\t<\/div>\n\t\t\t\t<div class=\"elementor-element elementor-element-24f54cd elementor-widget elementor-widget-spacer\" data-id=\"24f54cd\" data-element_type=\"widget\" data-e-type=\"widget\" data-widget_type=\"spacer.default\">\n\t\t\t\t\t\t\t<div class=\"elementor-spacer\">\n\t\t\t<div class=\"elementor-spacer-inner\"><\/div>\n\t\t<\/div>\n\t\t\t\t\t\t<\/div>\n\t\t\t\t\t<\/div>\n\t\t\t\t<\/div>\n\t\t<div class=\"elementor-element elementor-element-348a505 e-flex e-con-boxed e-con e-parent\" data-id=\"348a505\" data-element_type=\"container\" data-e-type=\"container\">\n\t\t\t\t\t<div class=\"e-con-inner\">\n\t\t<div class=\"elementor-element elementor-element-5b5217c e-con-full e-flex e-con e-child\" data-id=\"5b5217c\" data-element_type=\"container\" data-e-type=\"container\">\n\t\t\t\t<div class=\"elementor-element elementor-element-b8cb333 elementor-widget elementor-widget-text-editor\" data-id=\"b8cb333\" data-element_type=\"widget\" data-e-type=\"widget\" data-widget_type=\"text-editor.default\">\n\t\t\t\t\t\t\t\t\t<p>Without research and development, progress comes to a standstill. We want to actively shape progress. Market observation and analysis of problems in our areas of activity are the starting point for a series of research projects. The main objective of IFTA AG is to offer practical solutions. In our expert work, we act as a link between research and practice. Our cross-industry expertise has resulted in IFTA AG having a high level of technical knowledge and a wealth of experience.<\/p><p class=\"translation-block\">We work on these topics independently or in cooperation with partners from industry and science. IFTA AG is currently involved in the <a href=\"https:\/\/www.protectier-netzwerk.de\/\" target=\"_blank\" rel=\"noopener noreferrer\"> ProtecTier<\/a>,<a href=\"https:\/\/farm4.net\/\" target=\"_blank\" rel=\"noopener noreferrer\"> farm4.net<\/a>,<a href=\"https:\/\/emiti.eu\/\" target=\"_blank\" rel=\"noopener noreferrer\"> EMITI<\/a> and the <a href=\"https:\/\/www.digioekoregio.de\/\" target=\"_blank\" rel=\"noopener noreferrer\"> DigiOekoRegio<\/a> project, which is funded as part of the German federal program \u201cOrganic Farming and Other Forms of Sustainable Agriculture\u201d (B\u00d6LN). In implementing these projects, we can draw on the high academic competence of our employees.<\/p>\t\t\t\t\t\t\t\t<\/div>\n\t\t\t\t<\/div>\n\t\t<div class=\"elementor-element elementor-element-83411bd e-con-full e-flex e-con e-child\" data-id=\"83411bd\" data-element_type=\"container\" data-e-type=\"container\">\n\t\t<div class=\"elementor-element elementor-element-bc6b1a2 e-grid e-con-full e-con e-child\" data-id=\"bc6b1a2\" data-element_type=\"container\" data-e-type=\"container\" data-settings=\"{&quot;background_background&quot;:&quot;classic&quot;}\">\n\t\t<a class=\"elementor-element elementor-element-6ef7970 e-con-full e-flex e-con e-child\" data-id=\"6ef7970\" data-element_type=\"container\" data-e-type=\"container\" data-settings=\"{&quot;background_background&quot;:&quot;classic&quot;}\" href=\"https:\/\/www.protectier-netzwerk.de\/\" target=\"_blank\">\n\t\t\t\t<div class=\"elementor-element elementor-element-d9b39b2 elementor-widget elementor-widget-image\" data-id=\"d9b39b2\" data-element_type=\"widget\" data-e-type=\"widget\" data-widget_type=\"image.default\">\n\t\t\t\t\t\t\t\t\t\t\t\t\t\t\t<img decoding=\"async\" width=\"292\" height=\"100\" src=\"https:\/\/ifta-ag.de\/wp-content\/uploads\/2025\/08\/Logo_ProtecTier.png\" class=\"attachment-medium size-medium wp-image-109\" alt=\"\" \/>\t\t\t\t\t\t\t\t\t\t\t\t\t\t\t<\/div>\n\t\t\t\t<\/a>\n\t\t<a class=\"elementor-element elementor-element-1e91c00 e-con-full e-flex e-con e-child\" data-id=\"1e91c00\" data-element_type=\"container\" data-e-type=\"container\" data-settings=\"{&quot;background_background&quot;:&quot;classic&quot;}\" href=\"https:\/\/farm4.net\/index.php\" target=\"_blank\">\n\t\t\t\t<div class=\"elementor-element elementor-element-93999da elementor-widget elementor-widget-image\" data-id=\"93999da\" data-element_type=\"widget\" data-e-type=\"widget\" data-widget_type=\"image.default\">\n\t\t\t\t\t\t\t\t\t\t\t\t\t\t\t<img decoding=\"async\" width=\"300\" height=\"90\" src=\"https:\/\/ifta-ag.de\/wp-content\/uploads\/2025\/08\/farm4netLogo-300x90.png\" class=\"attachment-medium size-medium wp-image-108\" alt=\"\" srcset=\"https:\/\/ifta-ag.de\/wp-content\/uploads\/2025\/08\/farm4netLogo-300x90.png 300w, https:\/\/ifta-ag.de\/wp-content\/uploads\/2025\/08\/farm4netLogo-768x230.png 768w, https:\/\/ifta-ag.de\/wp-content\/uploads\/2025\/08\/farm4netLogo.png 975w\" sizes=\"(max-width: 300px) 100vw, 300px\" \/>\t\t\t\t\t\t\t\t\t\t\t\t\t\t\t<\/div>\n\t\t\t\t<\/a>\n\t\t<a class=\"elementor-element elementor-element-e36c60b e-con-full e-flex e-con e-child\" data-id=\"e36c60b\" data-element_type=\"container\" data-e-type=\"container\" data-settings=\"{&quot;background_background&quot;:&quot;classic&quot;}\" href=\"https:\/\/emiti.eu\/\" target=\"_blank\">\n\t\t\t\t<div class=\"elementor-element elementor-element-08a7c35 elementor-widget elementor-widget-image\" data-id=\"08a7c35\" data-element_type=\"widget\" data-e-type=\"widget\" data-widget_type=\"image.default\">\n\t\t\t\t\t\t\t\t\t\t\t\t\t\t\t<img loading=\"lazy\" decoding=\"async\" width=\"195\" height=\"151\" src=\"https:\/\/ifta-ag.de\/wp-content\/uploads\/2025\/08\/cropped-Logo-EMITI.png\" class=\"attachment-medium size-medium wp-image-107\" alt=\"\" \/>\t\t\t\t\t\t\t\t\t\t\t\t\t\t\t<\/div>\n\t\t\t\t<\/a>\n\t\t<a class=\"elementor-element elementor-element-50d71db e-con-full e-flex e-con e-child\" data-id=\"50d71db\" data-element_type=\"container\" data-e-type=\"container\" data-settings=\"{&quot;background_background&quot;:&quot;classic&quot;}\" href=\"https:\/\/www.digioekoregio.de\/\" target=\"_blank\">\n\t\t\t\t<div class=\"elementor-element elementor-element-9f17f5b elementor-widget elementor-widget-image\" data-id=\"9f17f5b\" data-element_type=\"widget\" data-e-type=\"widget\" data-widget_type=\"image.default\">\n\t\t\t\t\t\t\t\t\t\t\t\t\t\t\t<img loading=\"lazy\" decoding=\"async\" width=\"288\" height=\"300\" src=\"https:\/\/ifta-ag.de\/wp-content\/uploads\/2025\/08\/DigiOekoRegio-288x300.png\" class=\"attachment-medium size-medium wp-image-110\" alt=\"\" srcset=\"https:\/\/ifta-ag.de\/wp-content\/uploads\/2025\/08\/DigiOekoRegio-288x300.png 288w, https:\/\/ifta-ag.de\/wp-content\/uploads\/2025\/08\/DigiOekoRegio-982x1024.png 982w, https:\/\/ifta-ag.de\/wp-content\/uploads\/2025\/08\/DigiOekoRegio-768x801.png 768w, https:\/\/ifta-ag.de\/wp-content\/uploads\/2025\/08\/DigiOekoRegio-1473x1536.png 1473w, https:\/\/ifta-ag.de\/wp-content\/uploads\/2025\/08\/DigiOekoRegio.png 1484w\" sizes=\"(max-width: 288px) 100vw, 288px\" \/>\t\t\t\t\t\t\t\t\t\t\t\t\t\t\t<\/div>\n\t\t\t\t<\/a>\n\t\t\t\t<\/div>\n\t\t\t\t<\/div>\n\t\t\t\t\t<\/div>\n\t\t\t\t<\/div>\n\t\t\t\t<\/div>","protected":false},"excerpt":{"rendered":"<p>Projekte Projekte Ohne Forschung und Entwicklung herrscht Stillstand. Wir wollen Fortschritt aktiv mitgestalten. Marktbeobachtung und Analyse von Problemen in unseren T\u00e4tigkeitsbereichen sind Ausgangspunkt f\u00fcr eine Reihe von Forschungsvorhaben. Dabei ist die wesentliche Zielstellung der IFTA AG, praxisnahe L\u00f6sungen anzubieten. In unserer Expertent\u00e4tigkeit sind wir Bindeglied zwischen Forschung und Praxis. Die branchen\u00fcbergreifende Fachkompetenz hat dazu gef\u00fchrt, [&hellip;]<\/p>\n","protected":false},"author":1,"featured_media":0,"parent":0,"menu_order":0,"comment_status":"closed","ping_status":"closed","template":"","meta":{"footnotes":""},"class_list":["post-61","page","type-page","status-publish","hentry"],"yoast_head":"<!-- This site is optimized with the Yoast SEO plugin v27.2 - https:\/\/yoast.com\/product\/yoast-seo-wordpress\/ -->\n<title>Projekte - IFTA AG - Kompetenz aus einer Hand.<\/title>\n<meta name=\"robots\" content=\"index, follow, max-snippet:-1, max-image-preview:large, max-video-preview:-1\" \/>\n<link rel=\"canonical\" href=\"https:\/\/ifta-ag.de\/en\/projekte\/\" \/>\n<meta property=\"og:locale\" content=\"en_GB\" \/>\n<meta property=\"og:type\" content=\"article\" \/>\n<meta property=\"og:title\" content=\"Projekte - IFTA AG - Kompetenz aus einer Hand.\" \/>\n<meta property=\"og:description\" content=\"Projekte Projekte Ohne Forschung und Entwicklung herrscht Stillstand. Wir wollen Fortschritt aktiv mitgestalten. Marktbeobachtung und Analyse von Problemen in unseren T\u00e4tigkeitsbereichen sind Ausgangspunkt f\u00fcr eine Reihe von Forschungsvorhaben. Dabei ist die wesentliche Zielstellung der IFTA AG, praxisnahe L\u00f6sungen anzubieten. In unserer Expertent\u00e4tigkeit sind wir Bindeglied zwischen Forschung und Praxis. Die branchen\u00fcbergreifende Fachkompetenz hat dazu gef\u00fchrt, [&hellip;]\" \/>\n<meta property=\"og:url\" content=\"https:\/\/ifta-ag.de\/en\/projekte\/\" \/>\n<meta property=\"og:site_name\" content=\"IFTA AG - Kompetenz aus einer Hand.\" \/>\n<meta property=\"article:modified_time\" content=\"2025-11-24T10:53:20+00:00\" \/>\n<meta property=\"og:image\" content=\"https:\/\/ifta-ag.de\/wp-content\/uploads\/2025\/09\/Projekte_Fotolia_64549446_XS_frei-300x266.png\" \/>\n<meta name=\"twitter:card\" content=\"summary_large_image\" \/>\n<meta name=\"twitter:label1\" content=\"Estimated reading time\" \/>\n\t<meta name=\"twitter:data1\" content=\"1 minute\" \/>\n<script type=\"application\/ld+json\" class=\"yoast-schema-graph\">{\"@context\":\"https:\/\/schema.org\",\"@graph\":[{\"@type\":\"WebPage\",\"@id\":\"https:\/\/ifta-ag.de\/projekte\/\",\"url\":\"https:\/\/ifta-ag.de\/projekte\/\",\"name\":\"Projekte - IFTA AG - Kompetenz aus einer Hand.\",\"isPartOf\":{\"@id\":\"https:\/\/ifta-ag.de\/#website\"},\"primaryImageOfPage\":{\"@id\":\"https:\/\/ifta-ag.de\/projekte\/#primaryimage\"},\"image\":{\"@id\":\"https:\/\/ifta-ag.de\/projekte\/#primaryimage\"},\"thumbnailUrl\":\"https:\/\/ifta-ag.de\/wp-content\/uploads\/2025\/09\/Projekte_Fotolia_64549446_XS_frei-300x266.png\",\"datePublished\":\"2025-08-11T10:20:19+00:00\",\"dateModified\":\"2025-11-24T10:53:20+00:00\",\"breadcrumb\":{\"@id\":\"https:\/\/ifta-ag.de\/projekte\/#breadcrumb\"},\"inLanguage\":\"en-GB\",\"potentialAction\":[{\"@type\":\"ReadAction\",\"target\":[\"https:\/\/ifta-ag.de\/projekte\/\"]}]},{\"@type\":\"ImageObject\",\"inLanguage\":\"en-GB\",\"@id\":\"https:\/\/ifta-ag.de\/projekte\/#primaryimage\",\"url\":\"https:\/\/ifta-ag.de\/wp-content\/uploads\/2025\/09\/Projekte_Fotolia_64549446_XS_frei-300x266.png\",\"contentUrl\":\"https:\/\/ifta-ag.de\/wp-content\/uploads\/2025\/09\/Projekte_Fotolia_64549446_XS_frei-300x266.png\"},{\"@type\":\"BreadcrumbList\",\"@id\":\"https:\/\/ifta-ag.de\/projekte\/#breadcrumb\",\"itemListElement\":[{\"@type\":\"ListItem\",\"position\":1,\"name\":\"Startseite\",\"item\":\"https:\/\/ifta-ag.de\/\"},{\"@type\":\"ListItem\",\"position\":2,\"name\":\"Projekte\"}]},{\"@type\":\"WebSite\",\"@id\":\"https:\/\/ifta-ag.de\/#website\",\"url\":\"https:\/\/ifta-ag.de\/\",\"name\":\"IFTA AG - Kompetenz aus einer Hand.\",\"description\":\"\",\"publisher\":{\"@id\":\"https:\/\/ifta-ag.de\/#organization\"},\"potentialAction\":[{\"@type\":\"SearchAction\",\"target\":{\"@type\":\"EntryPoint\",\"urlTemplate\":\"https:\/\/ifta-ag.de\/?s={search_term_string}\"},\"query-input\":{\"@type\":\"PropertyValueSpecification\",\"valueRequired\":true,\"valueName\":\"search_term_string\"}}],\"inLanguage\":\"en-GB\"},{\"@type\":\"Organization\",\"@id\":\"https:\/\/ifta-ag.de\/#organization\",\"name\":\"IFTA AG - Kompetenz aus einer Hand.\",\"url\":\"https:\/\/ifta-ag.de\/\",\"logo\":{\"@type\":\"ImageObject\",\"inLanguage\":\"en-GB\",\"@id\":\"https:\/\/ifta-ag.de\/#\/schema\/logo\/image\/\",\"url\":\"https:\/\/ifta-ag.de\/wp-content\/uploads\/2025\/08\/IFTA-AG-Logo-01.png\",\"contentUrl\":\"https:\/\/ifta-ag.de\/wp-content\/uploads\/2025\/08\/IFTA-AG-Logo-01.png\",\"width\":541,\"height\":176,\"caption\":\"IFTA AG - Kompetenz aus einer Hand.\"},\"image\":{\"@id\":\"https:\/\/ifta-ag.de\/#\/schema\/logo\/image\/\"}}]}<\/script>\n<!-- \/ Yoast SEO plugin. -->","yoast_head_json":{"title":"Projekte - IFTA AG - Kompetenz aus einer Hand.","robots":{"index":"index","follow":"follow","max-snippet":"max-snippet:-1","max-image-preview":"max-image-preview:large","max-video-preview":"max-video-preview:-1"},"canonical":"https:\/\/ifta-ag.de\/en\/projekte\/","og_locale":"en_GB","og_type":"article","og_title":"Projekte - IFTA AG - Kompetenz aus einer Hand.","og_description":"Projekte Projekte Ohne Forschung und Entwicklung herrscht Stillstand. Wir wollen Fortschritt aktiv mitgestalten. Marktbeobachtung und Analyse von Problemen in unseren T\u00e4tigkeitsbereichen sind Ausgangspunkt f\u00fcr eine Reihe von Forschungsvorhaben. Dabei ist die wesentliche Zielstellung der IFTA AG, praxisnahe L\u00f6sungen anzubieten. In unserer Expertent\u00e4tigkeit sind wir Bindeglied zwischen Forschung und Praxis. Die branchen\u00fcbergreifende Fachkompetenz hat dazu gef\u00fchrt, [&hellip;]","og_url":"https:\/\/ifta-ag.de\/en\/projekte\/","og_site_name":"IFTA AG - Kompetenz aus einer Hand.","article_modified_time":"2025-11-24T10:53:20+00:00","og_image":[{"url":"https:\/\/ifta-ag.de\/wp-content\/uploads\/2025\/09\/Projekte_Fotolia_64549446_XS_frei-300x266.png","type":"","width":"","height":""}],"twitter_card":"summary_large_image","twitter_misc":{"Estimated reading time":"1 minute"},"schema":{"@context":"https:\/\/schema.org","@graph":[{"@type":"WebPage","@id":"https:\/\/ifta-ag.de\/projekte\/","url":"https:\/\/ifta-ag.de\/projekte\/","name":"Projekte - IFTA AG - Kompetenz aus einer Hand.","isPartOf":{"@id":"https:\/\/ifta-ag.de\/#website"},"primaryImageOfPage":{"@id":"https:\/\/ifta-ag.de\/projekte\/#primaryimage"},"image":{"@id":"https:\/\/ifta-ag.de\/projekte\/#primaryimage"},"thumbnailUrl":"https:\/\/ifta-ag.de\/wp-content\/uploads\/2025\/09\/Projekte_Fotolia_64549446_XS_frei-300x266.png","datePublished":"2025-08-11T10:20:19+00:00","dateModified":"2025-11-24T10:53:20+00:00","breadcrumb":{"@id":"https:\/\/ifta-ag.de\/projekte\/#breadcrumb"},"inLanguage":"en-GB","potentialAction":[{"@type":"ReadAction","target":["https:\/\/ifta-ag.de\/projekte\/"]}]},{"@type":"ImageObject","inLanguage":"en-GB","@id":"https:\/\/ifta-ag.de\/projekte\/#primaryimage","url":"https:\/\/ifta-ag.de\/wp-content\/uploads\/2025\/09\/Projekte_Fotolia_64549446_XS_frei-300x266.png","contentUrl":"https:\/\/ifta-ag.de\/wp-content\/uploads\/2025\/09\/Projekte_Fotolia_64549446_XS_frei-300x266.png"},{"@type":"BreadcrumbList","@id":"https:\/\/ifta-ag.de\/projekte\/#breadcrumb","itemListElement":[{"@type":"ListItem","position":1,"name":"Startseite","item":"https:\/\/ifta-ag.de\/"},{"@type":"ListItem","position":2,"name":"Projekte"}]},{"@type":"WebSite","@id":"https:\/\/ifta-ag.de\/#website","url":"https:\/\/ifta-ag.de\/","name":"IFTA AG - Kompetenz aus einer Hand.","description":"","publisher":{"@id":"https:\/\/ifta-ag.de\/#organization"},"potentialAction":[{"@type":"SearchAction","target":{"@type":"EntryPoint","urlTemplate":"https:\/\/ifta-ag.de\/?s={search_term_string}"},"query-input":{"@type":"PropertyValueSpecification","valueRequired":true,"valueName":"search_term_string"}}],"inLanguage":"en-GB"},{"@type":"Organization","@id":"https:\/\/ifta-ag.de\/#organization","name":"IFTA AG - Kompetenz aus einer Hand.","url":"https:\/\/ifta-ag.de\/","logo":{"@type":"ImageObject","inLanguage":"en-GB","@id":"https:\/\/ifta-ag.de\/#\/schema\/logo\/image\/","url":"https:\/\/ifta-ag.de\/wp-content\/uploads\/2025\/08\/IFTA-AG-Logo-01.png","contentUrl":"https:\/\/ifta-ag.de\/wp-content\/uploads\/2025\/08\/IFTA-AG-Logo-01.png","width":541,"height":176,"caption":"IFTA AG - Kompetenz aus einer Hand."},"image":{"@id":"https:\/\/ifta-ag.de\/#\/schema\/logo\/image\/"}}]}},"_links":{"self":[{"href":"https:\/\/ifta-ag.de\/en\/wp-json\/wp\/v2\/pages\/61","targetHints":{"allow":["GET"]}}],"collection":[{"href":"https:\/\/ifta-ag.de\/en\/wp-json\/wp\/v2\/pages"}],"about":[{"href":"https:\/\/ifta-ag.de\/en\/wp-json\/wp\/v2\/types\/page"}],"author":[{"embeddable":true,"href":"https:\/\/ifta-ag.de\/en\/wp-json\/wp\/v2\/users\/1"}],"replies":[{"embeddable":true,"href":"https:\/\/ifta-ag.de\/en\/wp-json\/wp\/v2\/comments?post=61"}],"version-history":[{"count":55,"href":"https:\/\/ifta-ag.de\/en\/wp-json\/wp\/v2\/pages\/61\/revisions"}],"predecessor-version":[{"id":1578,"href":"https:\/\/ifta-ag.de\/en\/wp-json\/wp\/v2\/pages\/61\/revisions\/1578"}],"wp:attachment":[{"href":"https:\/\/ifta-ag.de\/en\/wp-json\/wp\/v2\/media?parent=61"}],"curies":[{"name":"wp","href":"https:\/\/api.w.org\/{rel}","templated":true}]}}