{"id":55,"date":"2025-08-11T12:19:47","date_gmt":"2025-08-11T10:19:47","guid":{"rendered":"http:\/\/ifta-ag.com\/?page_id=55"},"modified":"2026-03-20T16:30:06","modified_gmt":"2026-03-20T15:30:06","slug":"jobs","status":"publish","type":"page","link":"https:\/\/ifta-ag.de\/en\/jobs\/","title":{"rendered":"Jobs"},"content":{"rendered":"<div data-elementor-type=\"wp-page\" data-elementor-id=\"55\" class=\"elementor elementor-55\" data-elementor-post-type=\"page\">\n\t\t\t\t<div class=\"elementor-element elementor-element-5c1ad2b e-con-full e-flex e-con e-parent\" data-id=\"5c1ad2b\" data-element_type=\"container\" data-e-type=\"container\" data-settings=\"{&quot;background_background&quot;:&quot;classic&quot;}\">\n\t\t<div class=\"elementor-element elementor-element-bd6b48f e-con-full e-flex e-con e-child\" data-id=\"bd6b48f\" data-element_type=\"container\" data-e-type=\"container\" data-settings=\"{&quot;background_background&quot;:&quot;classic&quot;}\">\n\t\t\t\t<div class=\"elementor-element elementor-element-f18da02 elementor-widget elementor-widget-heading\" data-id=\"f18da02\" data-element_type=\"widget\" data-e-type=\"widget\" data-widget_type=\"heading.default\">\n\t\t\t\t\t<h1 class=\"elementor-heading-title elementor-size-default\">Jobs<\/h1>\t\t\t\t<\/div>\n\t\t\t\t<\/div>\n\t\t\t\t<\/div>\n\t\t<div class=\"elementor-element elementor-element-4c6efbc e-flex e-con-boxed e-con e-parent\" data-id=\"4c6efbc\" data-element_type=\"container\" data-e-type=\"container\">\n\t\t\t\t\t<div class=\"e-con-inner\">\n\t\t<div class=\"elementor-element elementor-element-76a0000 e-con-full e-flex e-con e-child\" data-id=\"76a0000\" data-element_type=\"container\" data-e-type=\"container\">\n\t\t<div class=\"elementor-element elementor-element-6cd2f6a e-con-full e-flex e-con e-child\" data-id=\"6cd2f6a\" data-element_type=\"container\" data-e-type=\"container\">\n\t\t\t\t<div class=\"elementor-element elementor-element-fd7a137 elementor-widget elementor-widget-heading\" data-id=\"fd7a137\" data-element_type=\"widget\" data-e-type=\"widget\" data-widget_type=\"heading.default\">\n\t\t\t\t\t<h2 class=\"elementor-heading-title elementor-size-default\">Current Vacancies<\/h2>\t\t\t\t<\/div>\n\t\t\t\t<\/div>\n\t\t<div class=\"elementor-element elementor-element-b48fe97 e-con-full e-flex e-con e-child\" data-id=\"b48fe97\" data-element_type=\"container\" data-e-type=\"container\">\n\t\t\t\t<div class=\"elementor-element elementor-element-edc682d elementor-widget elementor-widget-image\" data-id=\"edc682d\" data-element_type=\"widget\" data-e-type=\"widget\" data-widget_type=\"image.default\">\n\t\t\t\t\t\t\t\t\t\t\t\t\t\t\t<img fetchpriority=\"high\" decoding=\"async\" width=\"850\" height=\"765\" src=\"https:\/\/ifta-ag.de\/wp-content\/uploads\/2025\/10\/Start_Jobs_iStock-1080845046_klein.png\" class=\"attachment-full size-full wp-image-701\" alt=\"IFTA AG Jobs\" srcset=\"https:\/\/ifta-ag.de\/wp-content\/uploads\/2025\/10\/Start_Jobs_iStock-1080845046_klein.png 850w, https:\/\/ifta-ag.de\/wp-content\/uploads\/2025\/10\/Start_Jobs_iStock-1080845046_klein-300x270.png 300w, https:\/\/ifta-ag.de\/wp-content\/uploads\/2025\/10\/Start_Jobs_iStock-1080845046_klein-768x691.png 768w, https:\/\/ifta-ag.de\/wp-content\/uploads\/2025\/10\/Start_Jobs_iStock-1080845046_klein-13x12.png 13w\" sizes=\"(max-width: 850px) 100vw, 850px\" \/>\t\t\t\t\t\t\t\t\t\t\t\t\t\t\t<\/div>\n\t\t\t\t<\/div>\n\t\t\t\t<\/div>\n\t\t\t\t\t<\/div>\n\t\t\t\t<\/div>\n\t\t<div class=\"elementor-element elementor-element-e0fc5fa e-flex e-con-boxed e-con e-parent\" data-id=\"e0fc5fa\" data-element_type=\"container\" data-e-type=\"container\">\n\t\t\t\t\t<div class=\"e-con-inner\">\n\t\t\t\t<div class=\"elementor-element elementor-element-2114da5 elementor-widget elementor-widget-heading\" data-id=\"2114da5\" data-element_type=\"widget\" data-e-type=\"widget\" data-widget_type=\"heading.default\">\n\t\t\t\t\t<h3 class=\"elementor-heading-title elementor-size-default\">Auditors (m\/f\/d) for the field of slaughtering, cutting, and processing in the meat industry for Germany and Eastern Europe\n<\/h3>\t\t\t\t<\/div>\n\t\t\t\t<div class=\"elementor-element elementor-element-f173952 elementor-widget elementor-widget-text-editor\" data-id=\"f173952\" data-element_type=\"widget\" data-e-type=\"widget\" data-widget_type=\"text-editor.default\">\n\t\t\t\t\t\t\t\t\t<p>For over 30 years, IFTA AG has been a trusted and experienced partner to the agricultural and food industries, offering certification services across the entire food value chain. Our certification activities focus on the entire food value chain.<\/p><p><strong>To strengthen our team, we are looking for freelance auditors (m\/f\/d) to inspect <\/strong><strong>companies in the field of slaughtering, cutting, and processing in Germany and Eastern Europe in accordance with the standards of QS- Quality scheme for food, ITW- The Animal Welfare Initiative and VLOG- GMO-free production<\/strong><\/p><p>What we offer:<\/p><ul class=\"list-normal\"><li>Forward-thinking team with an open, supportive work environment and clear lines of communication<\/li><li>Comprehensive training and certification, as well as intensive support during the onboarding period and subsequent audit activities<\/li><li>Reliable, long-term assignments tailored to your availability, with the freedom to schedule your work independently<\/li><li>Straightforward invoicing process and immediate payment<\/li><li>Knowledgeable, accessible contacts who can assist you with any questions regarding your audit activities<\/li><li>Permanent employment is also possible if suitable<\/li><\/ul><p>What we`re looking for:<\/p><ul class=\"list-normal\"><li>Certification\/approval as an auditor (m\/f\/d) in the area of slaughtering, cutting, and\/or processing for QS, ITW, and\/or VLOG standards<\/li><li>Willingness to travel for work and possession of a valid driver\u2019s license for cars<\/li><li>Excellent German language skills and at least good proficiency in English<\/li><li>Regular participation in auditor training and examinations<\/li><li>Strong sense of impartiality, responsibility, an reliability<\/li><\/ul><p>Are you interested? We look forward to hearing from you!<\/p><p><strong>IFTA AG<br \/>Personal<br \/>Neukirchstra\u00dfe 26<br \/>13089 Berlin<\/strong><\/p><p>Applications can also be sent via email to <a href=\"mailto:bewerbung@ifta-ag.de\">bewerbung@ifta-ag.de<\/a>. If you have any questions, please do not hesitate to contact us at +49 30 47 88 03 0.<\/p>\t\t\t\t\t\t\t\t<\/div>\n\t\t\t\t\t<\/div>\n\t\t\t\t<\/div>\n\t\t<div class=\"elementor-element elementor-element-31d4ba7 e-flex e-con-boxed e-con e-parent\" data-id=\"31d4ba7\" data-element_type=\"container\" data-e-type=\"container\">\n\t\t\t\t\t<div class=\"e-con-inner\">\n\t\t\t\t<div class=\"elementor-element elementor-element-9709f8d elementor-widget elementor-widget-heading\" data-id=\"9709f8d\" data-element_type=\"widget\" data-e-type=\"widget\" data-widget_type=\"heading.default\">\n\t\t\t\t\t<h3 class=\"elementor-heading-title elementor-size-default\">Auditors (m\/f\/d) in the Agricultural Sector Poultry \u2013 Region: Eastern Germany and Poland<br><\/h3>\t\t\t\t<\/div>\n\t\t\t\t<div class=\"elementor-element elementor-element-624f138 elementor-widget elementor-widget-text-editor\" data-id=\"624f138\" data-element_type=\"widget\" data-e-type=\"widget\" data-widget_type=\"text-editor.default\">\n\t\t\t\t\t\t\t\t\t<p>For over 30 years, IFTA AG has been a trusted and experienced partner to the agricultural and food industries, offering certification services across the entire food value chain. Our certification activities focus on the entire food value chain.<\/p><p><span style=\"font-weight: bolder;\">To strengthen our team, we are looking for freelance auditors (m\/f\/d) to\u00a0<\/span><span style=\"font-weight: bolder;\">inspect poultry farms in Eastern Germany and Poland in accordance with the standards of QS-Quality scheme for food Initiative Tierwohl (ITW)- The Animal Welfare Initiative, and VLOG \u2013 GMO-free production.<\/span><\/p><p>What we offer:<\/p><ul class=\"list-normal\" style=\"background-color: #f3f4eb; font-size: 20px;\"><li>Forward-thinking team with an open, supportive work environment and clear lines of communication<\/li><li>Comprehensive training and certification, as well as intensive support during the onboarding period and subsequent audit activities<\/li><li>Reliable, long-term assignments tailored to your availability, with the freedom to schedule your work independently<\/li><li>Straightforward invoicing process and immediate payment<\/li><li>Knowledgeable, accessible contacts who can assist you with any questions regarding your audit activities<\/li><\/ul><p>What we`re looking for:<\/p><ul class=\"list-normal\" style=\"background-color: #f3f4eb; font-size: 20px;\"><li class=\"Default\" style=\"font-size: 20px;\">Certification\/approval as an auditor (m\/f\/d) for poultry audits in accordance with QS, ITW, and\/or VLOG standards<\/li><li class=\"Default\" style=\"font-size: 20px;\">Willingness to travel for work and possession of a valid driver\u2019s license for cars<\/li><li class=\"Default\" style=\"font-size: 20px;\">Competent in both Polish and German<\/li><li class=\"Default\" style=\"font-size: 20px;\">Regular participation in auditor training and examinations<\/li><li class=\"Default\" style=\"font-size: 20px;\">Strong sense of impartiality, responsibility, an reliability<\/li><\/ul><p>Are you interested? We look forward to hearing from you!<\/p><p><span style=\"font-weight: bolder;\">IFTA AG<br \/>Personal<br \/>Neukirchstra\u00dfe 26<br \/>13089 Berlin<\/span><\/p><p>Applications can also be sent via email to\u00a0<a href=\"mailto:bewerbung@ifta-ag.de\">bewerbung@ifta-ag.de<\/a>. If you have any questions, please do not hesitate to contact us at +49 30 47 88 03 0.<\/p>\t\t\t\t\t\t\t\t<\/div>\n\t\t\t\t\t<\/div>\n\t\t\t\t<\/div>\n\t\t<div class=\"elementor-element elementor-element-c24ac52 e-flex e-con-boxed e-con e-parent\" data-id=\"c24ac52\" data-element_type=\"container\" data-e-type=\"container\">\n\t\t\t\t\t<div class=\"e-con-inner\">\n\t\t\t\t<div class=\"elementor-element elementor-element-cbf3af6 elementor-widget elementor-widget-heading\" data-id=\"cbf3af6\" data-element_type=\"widget\" data-e-type=\"widget\" data-widget_type=\"heading.default\">\n\t\t\t\t\t<h3 class=\"elementor-heading-title elementor-size-default\">Internships\n<\/h3>\t\t\t\t<\/div>\n\t\t\t\t<div class=\"elementor-element elementor-element-9c5d732 elementor-widget elementor-widget-text-editor\" data-id=\"9c5d732\" data-element_type=\"widget\" data-e-type=\"widget\" data-widget_type=\"text-editor.default\">\n\t\t\t\t\t\t\t\t\t<p>We offer internship positions in the fields of agriculture, food production, and animal feed, focusing on certification, quality and environmental management, as well as sustainability and energy.<\/p><p><strong>IFTA AG<\/strong><br \/><strong>Personal\u00a0<\/strong><br \/><strong>Neukirchstra\u00dfe 26\u00a0<\/strong><br \/><strong>13089 Berlin<\/strong><\/p><p>Applications can also be sent via email to <a href=\"mailto:bewerbung@ifta-ag.de\">bewerbung@ifta-ag.de<\/a>. If you have any questions, please do not hesitate to contact us at +49 30 47 88 03 0.<\/p>\t\t\t\t\t\t\t\t<\/div>\n\t\t\t\t\t<\/div>\n\t\t\t\t<\/div>\n\t\t\t\t<\/div>","protected":false},"excerpt":{"rendered":"<p>Jobs Stellenangebote Auditor*innen (m\/w \/d) f\u00fcr den Bereich Schlachtung, Zerlegung und Verarbeitung in der Fleischwirtschaft f\u00fcr Deutschland und Osteuropa Mehr als 30 Jahre Erfahrung mit Zertifizierungen in der Land- und Ern\u00e4hrungswirtschaft, begleitet von einer erfolgreichen wirtschaftlichen Entwicklung, haben die IFTA AG zu einem kompetenten und zuverl\u00e4ssigen Partner der Wirtschaft werden lassen. Schwerpunkt unserer T\u00e4tigkeit ist [&hellip;]<\/p>\n","protected":false},"author":1,"featured_media":0,"parent":0,"menu_order":0,"comment_status":"closed","ping_status":"closed","template":"","meta":{"footnotes":""},"class_list":["post-55","page","type-page","status-publish","hentry"],"yoast_head":"<!-- This site is optimized with the Yoast SEO plugin v27.2 - https:\/\/yoast.com\/product\/yoast-seo-wordpress\/ -->\n<title>Jobs - IFTA AG - Kompetenz aus einer Hand.<\/title>\n<meta name=\"robots\" content=\"index, follow, max-snippet:-1, max-image-preview:large, max-video-preview:-1\" \/>\n<link rel=\"canonical\" href=\"https:\/\/ifta-ag.de\/en\/jobs\/\" \/>\n<meta property=\"og:locale\" content=\"en_GB\" \/>\n<meta property=\"og:type\" content=\"article\" \/>\n<meta property=\"og:title\" content=\"Jobs - IFTA AG - Kompetenz aus einer Hand.\" \/>\n<meta property=\"og:description\" content=\"Jobs Stellenangebote Auditor*innen (m\/w \/d) f\u00fcr den Bereich Schlachtung, Zerlegung und Verarbeitung in der Fleischwirtschaft f\u00fcr Deutschland und Osteuropa Mehr als 30 Jahre Erfahrung mit Zertifizierungen in der Land- und Ern\u00e4hrungswirtschaft, begleitet von einer erfolgreichen wirtschaftlichen Entwicklung, haben die IFTA AG zu einem kompetenten und zuverl\u00e4ssigen Partner der Wirtschaft werden lassen. Schwerpunkt unserer T\u00e4tigkeit ist [&hellip;]\" \/>\n<meta property=\"og:url\" content=\"https:\/\/ifta-ag.de\/en\/jobs\/\" \/>\n<meta property=\"og:site_name\" content=\"IFTA AG - Kompetenz aus einer Hand.\" \/>\n<meta property=\"article:modified_time\" content=\"2026-03-20T15:30:06+00:00\" \/>\n<meta property=\"og:image\" content=\"https:\/\/ifta-ag.de\/wp-content\/uploads\/2025\/10\/Start_Jobs_iStock-1080845046_klein.png\" \/>\n\t<meta property=\"og:image:width\" content=\"850\" \/>\n\t<meta property=\"og:image:height\" content=\"765\" \/>\n\t<meta property=\"og:image:type\" content=\"image\/png\" \/>\n<meta name=\"twitter:card\" content=\"summary_large_image\" \/>\n<meta name=\"twitter:label1\" content=\"Estimated reading time\" \/>\n\t<meta name=\"twitter:data1\" content=\"4 minutes\" \/>\n<script type=\"application\/ld+json\" class=\"yoast-schema-graph\">{\"@context\":\"https:\/\/schema.org\",\"@graph\":[{\"@type\":\"WebPage\",\"@id\":\"https:\/\/ifta-ag.de\/jobs\/\",\"url\":\"https:\/\/ifta-ag.de\/jobs\/\",\"name\":\"Jobs - IFTA AG - Kompetenz aus einer Hand.\",\"isPartOf\":{\"@id\":\"https:\/\/ifta-ag.de\/#website\"},\"primaryImageOfPage\":{\"@id\":\"https:\/\/ifta-ag.de\/jobs\/#primaryimage\"},\"image\":{\"@id\":\"https:\/\/ifta-ag.de\/jobs\/#primaryimage\"},\"thumbnailUrl\":\"https:\/\/ifta-ag.de\/wp-content\/uploads\/2025\/10\/Start_Jobs_iStock-1080845046_klein.png\",\"datePublished\":\"2025-08-11T10:19:47+00:00\",\"dateModified\":\"2026-03-20T15:30:06+00:00\",\"breadcrumb\":{\"@id\":\"https:\/\/ifta-ag.de\/jobs\/#breadcrumb\"},\"inLanguage\":\"en-GB\",\"potentialAction\":[{\"@type\":\"ReadAction\",\"target\":[\"https:\/\/ifta-ag.de\/jobs\/\"]}]},{\"@type\":\"ImageObject\",\"inLanguage\":\"en-GB\",\"@id\":\"https:\/\/ifta-ag.de\/jobs\/#primaryimage\",\"url\":\"https:\/\/ifta-ag.de\/wp-content\/uploads\/2025\/10\/Start_Jobs_iStock-1080845046_klein.png\",\"contentUrl\":\"https:\/\/ifta-ag.de\/wp-content\/uploads\/2025\/10\/Start_Jobs_iStock-1080845046_klein.png\"},{\"@type\":\"BreadcrumbList\",\"@id\":\"https:\/\/ifta-ag.de\/jobs\/#breadcrumb\",\"itemListElement\":[{\"@type\":\"ListItem\",\"position\":1,\"name\":\"Startseite\",\"item\":\"https:\/\/ifta-ag.de\/\"},{\"@type\":\"ListItem\",\"position\":2,\"name\":\"Jobs\"}]},{\"@type\":\"WebSite\",\"@id\":\"https:\/\/ifta-ag.de\/#website\",\"url\":\"https:\/\/ifta-ag.de\/\",\"name\":\"IFTA AG - Kompetenz aus einer Hand.\",\"description\":\"\",\"publisher\":{\"@id\":\"https:\/\/ifta-ag.de\/#organization\"},\"potentialAction\":[{\"@type\":\"SearchAction\",\"target\":{\"@type\":\"EntryPoint\",\"urlTemplate\":\"https:\/\/ifta-ag.de\/?s={search_term_string}\"},\"query-input\":{\"@type\":\"PropertyValueSpecification\",\"valueRequired\":true,\"valueName\":\"search_term_string\"}}],\"inLanguage\":\"en-GB\"},{\"@type\":\"Organization\",\"@id\":\"https:\/\/ifta-ag.de\/#organization\",\"name\":\"IFTA AG - Kompetenz aus einer Hand.\",\"url\":\"https:\/\/ifta-ag.de\/\",\"logo\":{\"@type\":\"ImageObject\",\"inLanguage\":\"en-GB\",\"@id\":\"https:\/\/ifta-ag.de\/#\/schema\/logo\/image\/\",\"url\":\"https:\/\/ifta-ag.de\/wp-content\/uploads\/2025\/08\/IFTA-AG-Logo-01.png\",\"contentUrl\":\"https:\/\/ifta-ag.de\/wp-content\/uploads\/2025\/08\/IFTA-AG-Logo-01.png\",\"width\":541,\"height\":176,\"caption\":\"IFTA AG - Kompetenz aus einer Hand.\"},\"image\":{\"@id\":\"https:\/\/ifta-ag.de\/#\/schema\/logo\/image\/\"}}]}<\/script>\n<!-- \/ Yoast SEO plugin. -->","yoast_head_json":{"title":"Jobs - IFTA AG - Kompetenz aus einer Hand.","robots":{"index":"index","follow":"follow","max-snippet":"max-snippet:-1","max-image-preview":"max-image-preview:large","max-video-preview":"max-video-preview:-1"},"canonical":"https:\/\/ifta-ag.de\/en\/jobs\/","og_locale":"en_GB","og_type":"article","og_title":"Jobs - IFTA AG - Kompetenz aus einer Hand.","og_description":"Jobs Stellenangebote Auditor*innen (m\/w \/d) f\u00fcr den Bereich Schlachtung, Zerlegung und Verarbeitung in der Fleischwirtschaft f\u00fcr Deutschland und Osteuropa Mehr als 30 Jahre Erfahrung mit Zertifizierungen in der Land- und Ern\u00e4hrungswirtschaft, begleitet von einer erfolgreichen wirtschaftlichen Entwicklung, haben die IFTA AG zu einem kompetenten und zuverl\u00e4ssigen Partner der Wirtschaft werden lassen. Schwerpunkt unserer T\u00e4tigkeit ist [&hellip;]","og_url":"https:\/\/ifta-ag.de\/en\/jobs\/","og_site_name":"IFTA AG - Kompetenz aus einer Hand.","article_modified_time":"2026-03-20T15:30:06+00:00","og_image":[{"width":850,"height":765,"url":"https:\/\/ifta-ag.de\/wp-content\/uploads\/2025\/10\/Start_Jobs_iStock-1080845046_klein.png","type":"image\/png"}],"twitter_card":"summary_large_image","twitter_misc":{"Estimated reading time":"4 minutes"},"schema":{"@context":"https:\/\/schema.org","@graph":[{"@type":"WebPage","@id":"https:\/\/ifta-ag.de\/jobs\/","url":"https:\/\/ifta-ag.de\/jobs\/","name":"Jobs - IFTA AG - Kompetenz aus einer Hand.","isPartOf":{"@id":"https:\/\/ifta-ag.de\/#website"},"primaryImageOfPage":{"@id":"https:\/\/ifta-ag.de\/jobs\/#primaryimage"},"image":{"@id":"https:\/\/ifta-ag.de\/jobs\/#primaryimage"},"thumbnailUrl":"https:\/\/ifta-ag.de\/wp-content\/uploads\/2025\/10\/Start_Jobs_iStock-1080845046_klein.png","datePublished":"2025-08-11T10:19:47+00:00","dateModified":"2026-03-20T15:30:06+00:00","breadcrumb":{"@id":"https:\/\/ifta-ag.de\/jobs\/#breadcrumb"},"inLanguage":"en-GB","potentialAction":[{"@type":"ReadAction","target":["https:\/\/ifta-ag.de\/jobs\/"]}]},{"@type":"ImageObject","inLanguage":"en-GB","@id":"https:\/\/ifta-ag.de\/jobs\/#primaryimage","url":"https:\/\/ifta-ag.de\/wp-content\/uploads\/2025\/10\/Start_Jobs_iStock-1080845046_klein.png","contentUrl":"https:\/\/ifta-ag.de\/wp-content\/uploads\/2025\/10\/Start_Jobs_iStock-1080845046_klein.png"},{"@type":"BreadcrumbList","@id":"https:\/\/ifta-ag.de\/jobs\/#breadcrumb","itemListElement":[{"@type":"ListItem","position":1,"name":"Startseite","item":"https:\/\/ifta-ag.de\/"},{"@type":"ListItem","position":2,"name":"Jobs"}]},{"@type":"WebSite","@id":"https:\/\/ifta-ag.de\/#website","url":"https:\/\/ifta-ag.de\/","name":"IFTA AG - Kompetenz aus einer Hand.","description":"","publisher":{"@id":"https:\/\/ifta-ag.de\/#organization"},"potentialAction":[{"@type":"SearchAction","target":{"@type":"EntryPoint","urlTemplate":"https:\/\/ifta-ag.de\/?s={search_term_string}"},"query-input":{"@type":"PropertyValueSpecification","valueRequired":true,"valueName":"search_term_string"}}],"inLanguage":"en-GB"},{"@type":"Organization","@id":"https:\/\/ifta-ag.de\/#organization","name":"IFTA AG - Kompetenz aus einer Hand.","url":"https:\/\/ifta-ag.de\/","logo":{"@type":"ImageObject","inLanguage":"en-GB","@id":"https:\/\/ifta-ag.de\/#\/schema\/logo\/image\/","url":"https:\/\/ifta-ag.de\/wp-content\/uploads\/2025\/08\/IFTA-AG-Logo-01.png","contentUrl":"https:\/\/ifta-ag.de\/wp-content\/uploads\/2025\/08\/IFTA-AG-Logo-01.png","width":541,"height":176,"caption":"IFTA AG - Kompetenz aus einer Hand."},"image":{"@id":"https:\/\/ifta-ag.de\/#\/schema\/logo\/image\/"}}]}},"_links":{"self":[{"href":"https:\/\/ifta-ag.de\/en\/wp-json\/wp\/v2\/pages\/55","targetHints":{"allow":["GET"]}}],"collection":[{"href":"https:\/\/ifta-ag.de\/en\/wp-json\/wp\/v2\/pages"}],"about":[{"href":"https:\/\/ifta-ag.de\/en\/wp-json\/wp\/v2\/types\/page"}],"author":[{"embeddable":true,"href":"https:\/\/ifta-ag.de\/en\/wp-json\/wp\/v2\/users\/1"}],"replies":[{"embeddable":true,"href":"https:\/\/ifta-ag.de\/en\/wp-json\/wp\/v2\/comments?post=55"}],"version-history":[{"count":58,"href":"https:\/\/ifta-ag.de\/en\/wp-json\/wp\/v2\/pages\/55\/revisions"}],"predecessor-version":[{"id":1731,"href":"https:\/\/ifta-ag.de\/en\/wp-json\/wp\/v2\/pages\/55\/revisions\/1731"}],"wp:attachment":[{"href":"https:\/\/ifta-ag.de\/en\/wp-json\/wp\/v2\/media?parent=55"}],"curies":[{"name":"wp","href":"https:\/\/api.w.org\/{rel}","templated":true}]}}