{"id":876,"date":"2025-10-23T14:21:42","date_gmt":"2025-10-23T12:21:42","guid":{"rendered":"http:\/\/570780784.swh.strato-hosting.eu\/?page_id=876"},"modified":"2026-04-29T12:30:49","modified_gmt":"2026-04-29T10:30:49","slug":"initiative-tierwohl","status":"publish","type":"page","link":"http:\/\/ifta-ag.de\/en\/zertifizierungsstandards\/initiative-tierwohl\/","title":{"rendered":"Initiative Tierwohl"},"content":{"rendered":"<div data-elementor-type=\"wp-page\" data-elementor-id=\"876\" class=\"elementor elementor-876\" data-elementor-post-type=\"page\">\n\t\t\t\t<div class=\"elementor-element elementor-element-2d6461d e-flex e-con-boxed e-con e-parent\" data-id=\"2d6461d\" data-element_type=\"container\" data-e-type=\"container\">\n\t\t\t\t\t<div class=\"e-con-inner\">\n\t\t\t\t<div class=\"elementor-element elementor-element-d15e2db elementor-widget elementor-widget-text-editor\" data-id=\"d15e2db\" data-element_type=\"widget\" data-e-type=\"widget\" data-widget_type=\"text-editor.default\">\n\t\t\t\t\t\t\t\t\t<p><a href=\"https:\/\/ifta-ag.de\/en\/zertifizierungsstandards\/\">&lt;&lt; Zur\u00fcck<\/a><\/p>\t\t\t\t\t\t\t\t<\/div>\n\t\t\t\t\t<\/div>\n\t\t\t\t<\/div>\n\t\t<div class=\"elementor-element elementor-element-2f0e7c8 e-flex e-con-boxed e-con e-parent\" data-id=\"2f0e7c8\" data-element_type=\"container\" data-e-type=\"container\">\n\t\t\t\t\t<div class=\"e-con-inner\">\n\t\t<div class=\"elementor-element elementor-element-57dd31d e-con-full e-flex e-con e-child\" data-id=\"57dd31d\" data-element_type=\"container\" data-e-type=\"container\">\n\t\t<div class=\"elementor-element elementor-element-feeda10 e-con-full e-flex e-con e-child\" data-id=\"feeda10\" data-element_type=\"container\" data-e-type=\"container\">\n\t\t\t\t<div class=\"elementor-element elementor-element-eb9ea68 elementor-widget elementor-widget-heading\" data-id=\"eb9ea68\" data-element_type=\"widget\" data-e-type=\"widget\" data-widget_type=\"heading.default\">\n\t\t\t\t\t<h2 class=\"elementor-heading-title elementor-size-default\"> ITW- Initiative Tierwohl (The Animal Welfare Initiative)<\/h2>\t\t\t\t<\/div>\n\t\t\t\t<\/div>\n\t\t<div class=\"elementor-element elementor-element-dd81a99 e-con-full e-flex e-con e-child\" data-id=\"dd81a99\" data-element_type=\"container\" data-e-type=\"container\">\n\t\t\t\t<div class=\"elementor-element elementor-element-05402c6 elementor-widget elementor-widget-image\" data-id=\"05402c6\" data-element_type=\"widget\" data-e-type=\"widget\" data-widget_type=\"image.default\">\n\t\t\t\t\t\t\t\t\t\t\t\t\t\t\t<img fetchpriority=\"high\" decoding=\"async\" width=\"298\" height=\"270\" src=\"https:\/\/ifta-ag.de\/wp-content\/uploads\/2025\/09\/zertifizierungsstandards_frei.png\" class=\"attachment-medium size-medium wp-image-608\" alt=\"\" srcset=\"https:\/\/ifta-ag.de\/wp-content\/uploads\/2025\/09\/zertifizierungsstandards_frei.png 298w, https:\/\/ifta-ag.de\/wp-content\/uploads\/2025\/09\/zertifizierungsstandards_frei-13x12.png 13w\" sizes=\"(max-width: 298px) 100vw, 298px\" \/>\t\t\t\t\t\t\t\t\t\t\t\t\t\t\t<\/div>\n\t\t\t\t<\/div>\n\t\t\t\t<\/div>\n\t\t\t\t\t<\/div>\n\t\t\t\t<\/div>\n\t\t<div class=\"elementor-element elementor-element-19dbbae e-flex e-con-boxed e-con e-parent\" data-id=\"19dbbae\" data-element_type=\"container\" data-e-type=\"container\">\n\t\t\t\t\t<div class=\"e-con-inner\">\n\t\t\t\t<div class=\"elementor-element elementor-element-6f2274c elementor-widget elementor-widget-text-editor\" data-id=\"6f2274c\" data-element_type=\"widget\" data-e-type=\"widget\" data-widget_type=\"text-editor.default\">\n\t\t\t\t\t\t\t\t\t<p class=\"western\">The Initiative Tierwohl is a support program for greater animal welfare in livestock farming across the board. It involves representatives from the agricultural sector, the meat industry, the food retail sector and the restaurant industry. The initiative is a support programme for animal welfare, an inspection system, and the issuer of the Haltungsform seal and its own product seal.&nbsp;<\/p>\n<p class=\"western\">Further information on the Animal Welfare Initiative can be found at <span style=\"color: #467886;\"><u><a href=\"https:\/\/initiative-tierwohl.de\/\">https:\/\/initiative-tierwohl.de\/<\/a><\/u><\/span><\/p>\n<p><\/p>\n<p class=\"western\">\n<\/p>\t\t\t\t\t\t\t\t<\/div>\n\t\t\t\t<div class=\"elementor-element elementor-element-ae94d83 elementor-widget elementor-widget-heading\" data-id=\"ae94d83\" data-element_type=\"widget\" data-e-type=\"widget\" data-widget_type=\"heading.default\">\n\t\t\t\t\t<h2 class=\"elementor-heading-title elementor-size-default\">Our certification services for ITW<\/h2>\t\t\t\t<\/div>\n\t\t\t\t<div class=\"elementor-element elementor-element-6a19ab2 elementor-widget elementor-widget-text-editor\" data-id=\"6a19ab2\" data-element_type=\"widget\" data-e-type=\"widget\" data-widget_type=\"text-editor.default\">\n\t\t\t\t\t\t\t\t\t<p>As an experienced certification body, we offer certification in the following areas:<\/p>\t\t\t\t\t\t\t\t<\/div>\n\t\t\t\t<div class=\"elementor-element elementor-element-7907812 elementor-widget elementor-widget-heading\" data-id=\"7907812\" data-element_type=\"widget\" data-e-type=\"widget\" data-widget_type=\"heading.default\">\n\t\t\t\t\t<h2 class=\"elementor-heading-title elementor-size-default\">Agriculture Poultry\n<\/h2>\t\t\t\t<\/div>\n\t\t\t\t<div class=\"elementor-element elementor-element-d485cb5 elementor-widget elementor-widget-text-editor\" data-id=\"d485cb5\" data-element_type=\"widget\" data-e-type=\"widget\" data-widget_type=\"text-editor.default\">\n\t\t\t\t\t\t\t\t\t<p>Livestock farmers participating in the Initiative Tierwohl must implement specific animal welfare criteria. These all exceed the legal standards. Compliance with the criteria is checked twice a year by independent auditors.<\/p><p>We offer certification for the following animal species:<\/p><ul><li>Broiler production<\/li><li>Turkey production<\/li><li>Peking duck production<\/li><\/ul>\t\t\t\t\t\t\t\t<\/div>\n\t\t\t\t<div class=\"elementor-element elementor-element-acb16a0 elementor-widget elementor-widget-heading\" data-id=\"acb16a0\" data-element_type=\"widget\" data-e-type=\"widget\" data-widget_type=\"heading.default\">\n\t\t\t\t\t<h2 class=\"elementor-heading-title elementor-size-default\">Meat industry<\/h2>\t\t\t\t<\/div>\n\t\t\t\t<div class=\"elementor-element elementor-element-c1bccf9 elementor-widget elementor-widget-text-editor\" data-id=\"c1bccf9\" data-element_type=\"widget\" data-e-type=\"widget\" data-widget_type=\"text-editor.default\">\n\t\t\t\t\t\t\t\t\t<p>All companies in the meat industry are required by the Initiative Tierwohl to participate in a certified quality assurance program (QS or another recognized quality assurance system). Product identity and correct labelling are verified by independent auditors during an annual audit, based on the Meat Industry Requirements Catalogue.<\/p><p>We offer certification for the following production types:<\/p><ul><li>Slaughtering<\/li><li>Deboning \/ Cutting<\/li><li>Processing<\/li><li>Meat wholesale<\/li><li>Convenience<\/li><li>Storage of meat and meat products<\/li><li>Butchery<\/li><li>Broker<\/li><\/ul>\t\t\t\t\t\t\t\t<\/div>\n\t\t\t\t<div class=\"elementor-element elementor-element-8464be0 elementor-widget elementor-widget-heading\" data-id=\"8464be0\" data-element_type=\"widget\" data-e-type=\"widget\" data-widget_type=\"heading.default\">\n\t\t\t\t\t<h2 class=\"elementor-heading-title elementor-size-default\">Pet food\n<\/h2>\t\t\t\t<\/div>\n\t\t\t\t<div class=\"elementor-element elementor-element-d051f6b elementor-widget elementor-widget-text-editor\" data-id=\"d051f6b\" data-element_type=\"widget\" data-e-type=\"widget\" data-widget_type=\"text-editor.default\">\n\t\t\t\t\t\t\t\t\t<p>In addition to meat and meat products, pet food can also be labelled with the Initiative Tierwohl seal. An audit is carried out each year of participation to verify compliance with the ITW requirements, which are based on the proven standard of the FEDIAF European Petfood Code.<\/p><p>We offer certification for the following production types:<\/p><ul><li>Transport (raw material petfood)<\/li><li>Storrage (raw material petfood)<\/li><li>Processing plant (raw materials petfood)<\/li><li>Petfood plant<\/li><li>Wholesale (petfood)<\/li><li>Private labelling (petfood)<\/li><li>Broker (petfood)<\/li><\/ul>\t\t\t\t\t\t\t\t<\/div>\n\t\t\t\t<div class=\"elementor-element elementor-element-441c22d elementor-hidden-desktop elementor-hidden-tablet elementor-hidden-mobile elementor-widget elementor-widget-button\" data-id=\"441c22d\" data-element_type=\"widget\" data-e-type=\"widget\" data-widget_type=\"button.default\">\n\t\t\t\t\t\t\t\t\t\t<a class=\"elementor-button elementor-button-link elementor-size-sm\" href=\"#\">\n\t\t\t\t\t\t<span class=\"elementor-button-content-wrapper\">\n\t\t\t\t\t\t\t\t\t<span class=\"elementor-button-text\">Download<\/span>\n\t\t\t\t\t<\/span>\n\t\t\t\t\t<\/a>\n\t\t\t\t\t\t\t\t<\/div>\n\t\t\t\t\t<\/div>\n\t\t\t\t<\/div>\n\t\t\t\t<\/div>","protected":false},"excerpt":{"rendered":"<p>&lt;&lt; Zur\u00fcck ITW- Initiative Tierwohl Die Initiative Tierwohl (ITW) ist ein&nbsp;branchen\u00fcbergreifendes B\u00fcndnis, das sich f\u00fcr mehr Tierwohl in der Nutztierhaltung einsetzt.&nbsp;Beteiligt sind Vertreter der Landwirtschaft, Fleischwirtschaft und des Lebensmitteleinzelhandels.&nbsp;Ziel ist es, die Lebensbedingungen von Nutztieren in konventionellen Betrieben schrittweise zu verbessern.&nbsp;Die Initiative ist ein F\u00f6rderprogramm, ein Kontrollsystem und fungiert als Herausgeber eines eigenen Produktsiegels.&nbsp; Weiterf\u00fchrende [&hellip;]<\/p>\n","protected":false},"author":1,"featured_media":0,"parent":57,"menu_order":0,"comment_status":"closed","ping_status":"closed","template":"","meta":{"footnotes":""},"class_list":["post-876","page","type-page","status-publish","hentry"],"yoast_head":"<!-- This site is optimized with the Yoast SEO plugin v27.2 - https:\/\/yoast.com\/product\/yoast-seo-wordpress\/ -->\n<title>Initiative Tierwohl - IFTA AG - Kompetenz aus einer Hand.<\/title>\n<meta name=\"robots\" content=\"index, follow, max-snippet:-1, max-image-preview:large, max-video-preview:-1\" \/>\n<link rel=\"canonical\" href=\"https:\/\/ifta-ag.de\/en\/zertifizierungsstandards\/initiative-tierwohl\/\" \/>\n<meta property=\"og:locale\" content=\"en_GB\" \/>\n<meta property=\"og:type\" content=\"article\" \/>\n<meta property=\"og:title\" content=\"Initiative Tierwohl - IFTA AG - Kompetenz aus einer Hand.\" \/>\n<meta property=\"og:description\" content=\"&lt;&lt; Zur\u00fcck ITW- Initiative Tierwohl Die Initiative Tierwohl (ITW) ist ein&nbsp;branchen\u00fcbergreifendes B\u00fcndnis, das sich f\u00fcr mehr Tierwohl in der Nutztierhaltung einsetzt.&nbsp;Beteiligt sind Vertreter der Landwirtschaft, Fleischwirtschaft und des Lebensmitteleinzelhandels.&nbsp;Ziel ist es, die Lebensbedingungen von Nutztieren in konventionellen Betrieben schrittweise zu verbessern.&nbsp;Die Initiative ist ein F\u00f6rderprogramm, ein Kontrollsystem und fungiert als Herausgeber eines eigenen Produktsiegels.&nbsp; Weiterf\u00fchrende [&hellip;]\" \/>\n<meta property=\"og:url\" content=\"https:\/\/ifta-ag.de\/en\/zertifizierungsstandards\/initiative-tierwohl\/\" \/>\n<meta property=\"og:site_name\" content=\"IFTA AG - Kompetenz aus einer Hand.\" \/>\n<meta property=\"article:modified_time\" content=\"2026-04-29T10:30:49+00:00\" \/>\n<meta property=\"og:image\" content=\"https:\/\/ifta-ag.de\/wp-content\/uploads\/2025\/09\/zertifizierungsstandards_frei.png\" \/>\n\t<meta property=\"og:image:width\" content=\"298\" \/>\n\t<meta property=\"og:image:height\" content=\"270\" \/>\n\t<meta property=\"og:image:type\" content=\"image\/png\" \/>\n<meta name=\"twitter:card\" content=\"summary_large_image\" \/>\n<meta name=\"twitter:label1\" content=\"Estimated reading time\" \/>\n\t<meta name=\"twitter:data1\" content=\"2 minutes\" \/>\n<script type=\"application\/ld+json\" class=\"yoast-schema-graph\">{\"@context\":\"https:\/\/schema.org\",\"@graph\":[{\"@type\":\"WebPage\",\"@id\":\"https:\/\/ifta-ag.de\/zertifizierungsstandards\/initiative-tierwohl\/\",\"url\":\"https:\/\/ifta-ag.de\/zertifizierungsstandards\/initiative-tierwohl\/\",\"name\":\"Initiative Tierwohl - IFTA AG - Kompetenz aus einer Hand.\",\"isPartOf\":{\"@id\":\"https:\/\/ifta-ag.de\/#website\"},\"primaryImageOfPage\":{\"@id\":\"https:\/\/ifta-ag.de\/zertifizierungsstandards\/initiative-tierwohl\/#primaryimage\"},\"image\":{\"@id\":\"https:\/\/ifta-ag.de\/zertifizierungsstandards\/initiative-tierwohl\/#primaryimage\"},\"thumbnailUrl\":\"https:\/\/ifta-ag.de\/wp-content\/uploads\/2025\/09\/zertifizierungsstandards_frei.png\",\"datePublished\":\"2025-10-23T12:21:42+00:00\",\"dateModified\":\"2026-04-29T10:30:49+00:00\",\"breadcrumb\":{\"@id\":\"https:\/\/ifta-ag.de\/zertifizierungsstandards\/initiative-tierwohl\/#breadcrumb\"},\"inLanguage\":\"en-GB\",\"potentialAction\":[{\"@type\":\"ReadAction\",\"target\":[\"https:\/\/ifta-ag.de\/zertifizierungsstandards\/initiative-tierwohl\/\"]}]},{\"@type\":\"ImageObject\",\"inLanguage\":\"en-GB\",\"@id\":\"https:\/\/ifta-ag.de\/zertifizierungsstandards\/initiative-tierwohl\/#primaryimage\",\"url\":\"https:\/\/ifta-ag.de\/wp-content\/uploads\/2025\/09\/zertifizierungsstandards_frei.png\",\"contentUrl\":\"https:\/\/ifta-ag.de\/wp-content\/uploads\/2025\/09\/zertifizierungsstandards_frei.png\"},{\"@type\":\"BreadcrumbList\",\"@id\":\"https:\/\/ifta-ag.de\/zertifizierungsstandards\/initiative-tierwohl\/#breadcrumb\",\"itemListElement\":[{\"@type\":\"ListItem\",\"position\":1,\"name\":\"Startseite\",\"item\":\"https:\/\/ifta-ag.de\/\"},{\"@type\":\"ListItem\",\"position\":2,\"name\":\"Zertifizierungsstandards\",\"item\":\"https:\/\/ifta-ag.de\/zertifizierungsstandards\/\"},{\"@type\":\"ListItem\",\"position\":3,\"name\":\"Initiative Tierwohl\"}]},{\"@type\":\"WebSite\",\"@id\":\"https:\/\/ifta-ag.de\/#website\",\"url\":\"https:\/\/ifta-ag.de\/\",\"name\":\"IFTA AG - Kompetenz aus einer Hand.\",\"description\":\"\",\"publisher\":{\"@id\":\"https:\/\/ifta-ag.de\/#organization\"},\"potentialAction\":[{\"@type\":\"SearchAction\",\"target\":{\"@type\":\"EntryPoint\",\"urlTemplate\":\"https:\/\/ifta-ag.de\/?s={search_term_string}\"},\"query-input\":{\"@type\":\"PropertyValueSpecification\",\"valueRequired\":true,\"valueName\":\"search_term_string\"}}],\"inLanguage\":\"en-GB\"},{\"@type\":\"Organization\",\"@id\":\"https:\/\/ifta-ag.de\/#organization\",\"name\":\"IFTA AG - Kompetenz aus einer Hand.\",\"url\":\"https:\/\/ifta-ag.de\/\",\"logo\":{\"@type\":\"ImageObject\",\"inLanguage\":\"en-GB\",\"@id\":\"https:\/\/ifta-ag.de\/#\/schema\/logo\/image\/\",\"url\":\"https:\/\/ifta-ag.de\/wp-content\/uploads\/2025\/08\/IFTA-AG-Logo-01.png\",\"contentUrl\":\"https:\/\/ifta-ag.de\/wp-content\/uploads\/2025\/08\/IFTA-AG-Logo-01.png\",\"width\":541,\"height\":176,\"caption\":\"IFTA AG - Kompetenz aus einer Hand.\"},\"image\":{\"@id\":\"https:\/\/ifta-ag.de\/#\/schema\/logo\/image\/\"}}]}<\/script>\n<!-- \/ Yoast SEO plugin. -->","yoast_head_json":{"title":"Initiative Tierwohl - IFTA AG - Kompetenz aus einer Hand.","robots":{"index":"index","follow":"follow","max-snippet":"max-snippet:-1","max-image-preview":"max-image-preview:large","max-video-preview":"max-video-preview:-1"},"canonical":"https:\/\/ifta-ag.de\/en\/zertifizierungsstandards\/initiative-tierwohl\/","og_locale":"en_GB","og_type":"article","og_title":"Initiative Tierwohl - IFTA AG - Kompetenz aus einer Hand.","og_description":"&lt;&lt; Zur\u00fcck ITW- Initiative Tierwohl Die Initiative Tierwohl (ITW) ist ein&nbsp;branchen\u00fcbergreifendes B\u00fcndnis, das sich f\u00fcr mehr Tierwohl in der Nutztierhaltung einsetzt.&nbsp;Beteiligt sind Vertreter der Landwirtschaft, Fleischwirtschaft und des Lebensmitteleinzelhandels.&nbsp;Ziel ist es, die Lebensbedingungen von Nutztieren in konventionellen Betrieben schrittweise zu verbessern.&nbsp;Die Initiative ist ein F\u00f6rderprogramm, ein Kontrollsystem und fungiert als Herausgeber eines eigenen Produktsiegels.&nbsp; Weiterf\u00fchrende [&hellip;]","og_url":"https:\/\/ifta-ag.de\/en\/zertifizierungsstandards\/initiative-tierwohl\/","og_site_name":"IFTA AG - Kompetenz aus einer Hand.","article_modified_time":"2026-04-29T10:30:49+00:00","og_image":[{"width":298,"height":270,"url":"https:\/\/ifta-ag.de\/wp-content\/uploads\/2025\/09\/zertifizierungsstandards_frei.png","type":"image\/png"}],"twitter_card":"summary_large_image","twitter_misc":{"Estimated reading time":"2 minutes"},"schema":{"@context":"https:\/\/schema.org","@graph":[{"@type":"WebPage","@id":"https:\/\/ifta-ag.de\/zertifizierungsstandards\/initiative-tierwohl\/","url":"https:\/\/ifta-ag.de\/zertifizierungsstandards\/initiative-tierwohl\/","name":"Initiative Tierwohl - IFTA AG - Kompetenz aus einer Hand.","isPartOf":{"@id":"https:\/\/ifta-ag.de\/#website"},"primaryImageOfPage":{"@id":"https:\/\/ifta-ag.de\/zertifizierungsstandards\/initiative-tierwohl\/#primaryimage"},"image":{"@id":"https:\/\/ifta-ag.de\/zertifizierungsstandards\/initiative-tierwohl\/#primaryimage"},"thumbnailUrl":"https:\/\/ifta-ag.de\/wp-content\/uploads\/2025\/09\/zertifizierungsstandards_frei.png","datePublished":"2025-10-23T12:21:42+00:00","dateModified":"2026-04-29T10:30:49+00:00","breadcrumb":{"@id":"https:\/\/ifta-ag.de\/zertifizierungsstandards\/initiative-tierwohl\/#breadcrumb"},"inLanguage":"en-GB","potentialAction":[{"@type":"ReadAction","target":["https:\/\/ifta-ag.de\/zertifizierungsstandards\/initiative-tierwohl\/"]}]},{"@type":"ImageObject","inLanguage":"en-GB","@id":"https:\/\/ifta-ag.de\/zertifizierungsstandards\/initiative-tierwohl\/#primaryimage","url":"https:\/\/ifta-ag.de\/wp-content\/uploads\/2025\/09\/zertifizierungsstandards_frei.png","contentUrl":"https:\/\/ifta-ag.de\/wp-content\/uploads\/2025\/09\/zertifizierungsstandards_frei.png"},{"@type":"BreadcrumbList","@id":"https:\/\/ifta-ag.de\/zertifizierungsstandards\/initiative-tierwohl\/#breadcrumb","itemListElement":[{"@type":"ListItem","position":1,"name":"Startseite","item":"https:\/\/ifta-ag.de\/"},{"@type":"ListItem","position":2,"name":"Zertifizierungsstandards","item":"https:\/\/ifta-ag.de\/zertifizierungsstandards\/"},{"@type":"ListItem","position":3,"name":"Initiative Tierwohl"}]},{"@type":"WebSite","@id":"https:\/\/ifta-ag.de\/#website","url":"https:\/\/ifta-ag.de\/","name":"IFTA AG - Kompetenz aus einer Hand.","description":"","publisher":{"@id":"https:\/\/ifta-ag.de\/#organization"},"potentialAction":[{"@type":"SearchAction","target":{"@type":"EntryPoint","urlTemplate":"https:\/\/ifta-ag.de\/?s={search_term_string}"},"query-input":{"@type":"PropertyValueSpecification","valueRequired":true,"valueName":"search_term_string"}}],"inLanguage":"en-GB"},{"@type":"Organization","@id":"https:\/\/ifta-ag.de\/#organization","name":"IFTA AG - Kompetenz aus einer Hand.","url":"https:\/\/ifta-ag.de\/","logo":{"@type":"ImageObject","inLanguage":"en-GB","@id":"https:\/\/ifta-ag.de\/#\/schema\/logo\/image\/","url":"https:\/\/ifta-ag.de\/wp-content\/uploads\/2025\/08\/IFTA-AG-Logo-01.png","contentUrl":"https:\/\/ifta-ag.de\/wp-content\/uploads\/2025\/08\/IFTA-AG-Logo-01.png","width":541,"height":176,"caption":"IFTA AG - Kompetenz aus einer Hand."},"image":{"@id":"https:\/\/ifta-ag.de\/#\/schema\/logo\/image\/"}}]}},"_links":{"self":[{"href":"http:\/\/ifta-ag.de\/en\/wp-json\/wp\/v2\/pages\/876","targetHints":{"allow":["GET"]}}],"collection":[{"href":"http:\/\/ifta-ag.de\/en\/wp-json\/wp\/v2\/pages"}],"about":[{"href":"http:\/\/ifta-ag.de\/en\/wp-json\/wp\/v2\/types\/page"}],"author":[{"embeddable":true,"href":"http:\/\/ifta-ag.de\/en\/wp-json\/wp\/v2\/users\/1"}],"replies":[{"embeddable":true,"href":"http:\/\/ifta-ag.de\/en\/wp-json\/wp\/v2\/comments?post=876"}],"version-history":[{"count":17,"href":"http:\/\/ifta-ag.de\/en\/wp-json\/wp\/v2\/pages\/876\/revisions"}],"predecessor-version":[{"id":1825,"href":"http:\/\/ifta-ag.de\/en\/wp-json\/wp\/v2\/pages\/876\/revisions\/1825"}],"up":[{"embeddable":true,"href":"http:\/\/ifta-ag.de\/en\/wp-json\/wp\/v2\/pages\/57"}],"wp:attachment":[{"href":"http:\/\/ifta-ag.de\/en\/wp-json\/wp\/v2\/media?parent=876"}],"curies":[{"name":"wp","href":"https:\/\/api.w.org\/{rel}","templated":true}]}}