{"id":874,"date":"2025-10-23T14:21:31","date_gmt":"2025-10-23T12:21:31","guid":{"rendered":"http:\/\/570780784.swh.strato-hosting.eu\/?page_id=874"},"modified":"2026-04-29T13:37:07","modified_gmt":"2026-04-29T11:37:07","slug":"qs-qualitaet-und-sicherheit","status":"publish","type":"page","link":"http:\/\/ifta-ag.de\/en\/zertifizierungsstandards\/qs-qualitaet-und-sicherheit\/","title":{"rendered":"QS \u2013 Quality scheme for food"},"content":{"rendered":"<div data-elementor-type=\"wp-page\" data-elementor-id=\"874\" class=\"elementor elementor-874\" data-elementor-post-type=\"page\">\n\t\t\t\t<div class=\"elementor-element elementor-element-2d6461d e-flex e-con-boxed e-con e-parent\" data-id=\"2d6461d\" data-element_type=\"container\" data-e-type=\"container\">\n\t\t\t\t\t<div class=\"e-con-inner\">\n\t\t\t\t<div class=\"elementor-element elementor-element-d15e2db elementor-widget elementor-widget-text-editor\" data-id=\"d15e2db\" data-element_type=\"widget\" data-e-type=\"widget\" data-widget_type=\"text-editor.default\">\n\t\t\t\t\t\t\t\t\t<p><a href=\"https:\/\/ifta-ag.de\/en\/zertifizierungsstandards\/\">&lt;&lt; Zur\u00fcck<\/a><\/p>\t\t\t\t\t\t\t\t<\/div>\n\t\t\t\t\t<\/div>\n\t\t\t\t<\/div>\n\t\t<div class=\"elementor-element elementor-element-2f0e7c8 e-flex e-con-boxed e-con e-parent\" data-id=\"2f0e7c8\" data-element_type=\"container\" data-e-type=\"container\">\n\t\t\t\t\t<div class=\"e-con-inner\">\n\t\t<div class=\"elementor-element elementor-element-57dd31d e-con-full e-flex e-con e-child\" data-id=\"57dd31d\" data-element_type=\"container\" data-e-type=\"container\">\n\t\t<div class=\"elementor-element elementor-element-feeda10 e-con-full e-flex e-con e-child\" data-id=\"feeda10\" data-element_type=\"container\" data-e-type=\"container\">\n\t\t\t\t<div class=\"elementor-element elementor-element-eb9ea68 elementor-widget elementor-widget-heading\" data-id=\"eb9ea68\" data-element_type=\"widget\" data-e-type=\"widget\" data-widget_type=\"heading.default\">\n\t\t\t\t\t<h2 class=\"elementor-heading-title elementor-size-default\">QS \u2013 Quality scheme for food<\/h2>\t\t\t\t<\/div>\n\t\t\t\t<\/div>\n\t\t<div class=\"elementor-element elementor-element-dd81a99 e-con-full e-flex e-con e-child\" data-id=\"dd81a99\" data-element_type=\"container\" data-e-type=\"container\">\n\t\t\t\t<div class=\"elementor-element elementor-element-05402c6 elementor-widget elementor-widget-image\" data-id=\"05402c6\" data-element_type=\"widget\" data-e-type=\"widget\" data-widget_type=\"image.default\">\n\t\t\t\t\t\t\t\t\t\t\t\t\t\t\t<img fetchpriority=\"high\" decoding=\"async\" width=\"298\" height=\"270\" src=\"https:\/\/ifta-ag.de\/wp-content\/uploads\/2025\/09\/zertifizierungsstandards_frei.png\" class=\"attachment-medium size-medium wp-image-608\" alt=\"\" srcset=\"https:\/\/ifta-ag.de\/wp-content\/uploads\/2025\/09\/zertifizierungsstandards_frei.png 298w, https:\/\/ifta-ag.de\/wp-content\/uploads\/2025\/09\/zertifizierungsstandards_frei-13x12.png 13w\" sizes=\"(max-width: 298px) 100vw, 298px\" \/>\t\t\t\t\t\t\t\t\t\t\t\t\t\t\t<\/div>\n\t\t\t\t<\/div>\n\t\t\t\t<\/div>\n\t\t\t\t\t<\/div>\n\t\t\t\t<\/div>\n\t\t<div class=\"elementor-element elementor-element-19dbbae e-flex e-con-boxed e-con e-parent\" data-id=\"19dbbae\" data-element_type=\"container\" data-e-type=\"container\">\n\t\t\t\t\t<div class=\"e-con-inner\">\n\t\t\t\t<div class=\"elementor-element elementor-element-6f2274c elementor-widget elementor-widget-text-editor\" data-id=\"6f2274c\" data-element_type=\"widget\" data-e-type=\"widget\" data-widget_type=\"text-editor.default\">\n\t\t\t\t\t\t\t\t\t<p>The QS system is a cross-stage quality assurance system for foodstuffs and covers all areas of the production and marketing chain \u2013 from the feed industry and agriculture through to processing and retail.<\/p><p>The aim of the system is to ensure consistent food quality and safety. To this end, QS defines binding requirements for all market participants involved. Compliance is ensured by a three-tier control system:<\/p><ul><li>in-plant self-assessment<\/li><li>independent audits by accredited certification bodies<\/li><li>monitoring and system checks by the standard-setting body<\/li><\/ul><p class=\"western\">Further information can be found at: <span style=\"color: #467886;\"><u><a href=\"https:\/\/q-s.de\/\">https:\/\/q-s.de\/<\/a><\/u><\/span> .<\/p>\t\t\t\t\t\t\t\t<\/div>\n\t\t\t\t<div class=\"elementor-element elementor-element-906996e elementor-widget elementor-widget-heading\" data-id=\"906996e\" data-element_type=\"widget\" data-e-type=\"widget\" data-widget_type=\"heading.default\">\n\t\t\t\t\t<h2 class=\"elementor-heading-title elementor-size-default\">Our certification services within the QS system<br><\/h2>\t\t\t\t<\/div>\n\t\t\t\t<div class=\"elementor-element elementor-element-170039c elementor-widget elementor-widget-text-editor\" data-id=\"170039c\" data-element_type=\"widget\" data-e-type=\"widget\" data-widget_type=\"text-editor.default\">\n\t\t\t\t\t\t\t\t\t<p>As an experienced certification body, we offer certification services across the meat and meat products supply chain in the following areas:<\/p>\t\t\t\t\t\t\t\t<\/div>\n\t\t\t\t<div class=\"elementor-element elementor-element-3b291a7 elementor-widget elementor-widget-heading\" data-id=\"3b291a7\" data-element_type=\"widget\" data-e-type=\"widget\" data-widget_type=\"heading.default\">\n\t\t\t\t\t<h2 class=\"elementor-heading-title elementor-size-default\">Feed industry<\/h2>\t\t\t\t<\/div>\n\t\t\t\t<div class=\"elementor-element elementor-element-9ddfd94 elementor-widget elementor-widget-text-editor\" data-id=\"9ddfd94\" data-element_type=\"widget\" data-e-type=\"widget\" data-widget_type=\"text-editor.default\">\n\t\t\t\t\t\t\t\t\t<p>Feed forms the basis for the production of safe food of animal origin. The QS system therefore takes all relevant processes into account.<\/p><p style=\"margin-bottom: 6.0pt;\">We offer certification for the following production scopes:<\/p><ul><li>Production of feed material and compound feed<\/li><li>Transport, storage and transshipment<\/li><li>Feed trade<\/li><li>Private labelling<\/li><li>Mobile feed milling and mixing plants<\/li><\/ul><div>\u00a0<\/div><p>A QS certification can also serve as the basis for accreditation within the GMP+ system. This requires participation in both systems as well as an annual audit by an accredited certification body such as IFTA AG.<\/p><p style=\"text-indent: -17.85pt; mso-list: l0 level1 lfo1; tab-stops: list 36.0pt; margin: 0cm 0cm 0cm 35.7pt;\">\u00a0<\/p>\t\t\t\t\t\t\t\t<\/div>\n\t\t\t\t<div class=\"elementor-element elementor-element-a6fb0ae elementor-widget elementor-widget-heading\" data-id=\"a6fb0ae\" data-element_type=\"widget\" data-e-type=\"widget\" data-widget_type=\"heading.default\">\n\t\t\t\t\t<h2 class=\"elementor-heading-title elementor-size-default\">Livestock farming (poultry)<\/h2>\t\t\t\t<\/div>\n\t\t\t\t<div class=\"elementor-element elementor-element-624e777 elementor-widget elementor-widget-text-editor\" data-id=\"624e777\" data-element_type=\"widget\" data-e-type=\"widget\" data-widget_type=\"text-editor.default\">\n\t\t\t\t\t\t\t\t\t<p>Animal-friendly husbandry, regular veterinary visits, hygiene checks and the responsible use of medicines are among the most important QS requirements for livestock farmers.<\/p><p>We offer certification in the following production scopes:<\/p><ul><li>Breeder farming<\/li><li>Hatcheries<\/li><li>Animal transport<\/li><li>Poultry farming (rearing and production of broilers, turkeys and ducks)<\/li><\/ul><p>\u00a0<\/p><p>Participation by livestock farmers and transport companies in the QS scheme is usually via so-called coordinators. We also offer certification for coordinators as part of our range of services.<\/p><p style=\"text-indent: -17.85pt; mso-list: l0 level1 lfo1; tab-stops: list 36.0pt; margin: 0cm 0cm 0cm 35.7pt;\">\u00a0<\/p>\t\t\t\t\t\t\t\t<\/div>\n\t\t\t\t<div class=\"elementor-element elementor-element-e90521c elementor-widget elementor-widget-heading\" data-id=\"e90521c\" data-element_type=\"widget\" data-e-type=\"widget\" data-widget_type=\"heading.default\">\n\t\t\t\t\t<h2 class=\"elementor-heading-title elementor-size-default\">Meat industry<\/h2>\t\t\t\t<\/div>\n\t\t\t\t<div class=\"elementor-element elementor-element-78db108 elementor-widget elementor-widget-text-editor\" data-id=\"78db108\" data-element_type=\"widget\" data-e-type=\"widget\" data-widget_type=\"text-editor.default\">\n\t\t\t\t\t\t\t\t\t<p>Animals must be slaughtered in accordance with animal welfare standards. Strict hygiene rules apply to meat processing establishments. Furthermore, the produce must be kept continuously chilled, properly packaged, clearly labelled and correctly stored.<\/p><p>We offer certification for the following production scopes:<\/p><ul><li>Slaughter and cutting<\/li><li>Processing<\/li><li>Butchery<\/li><li>Meat wholesale<\/li><li>Broker<\/li><li>Logistics for meat and meat products<\/li><li>Food retail<\/li><li>Convenience<\/li><\/ul><p style=\"text-indent: -17.85pt; mso-list: l0 level1 lfo1; tab-stops: list 36.0pt; margin: 0cm 0cm 0cm 35.7pt;\">\u00a0<\/p>\t\t\t\t\t\t\t\t<\/div>\n\t\t\t\t<div class=\"elementor-element elementor-element-7e56cf2 elementor-widget elementor-widget-heading\" data-id=\"7e56cf2\" data-element_type=\"widget\" data-e-type=\"widget\" data-widget_type=\"heading.default\">\n\t\t\t\t\t<h2 class=\"elementor-heading-title elementor-size-default\">Pet food<\/h2>\t\t\t\t<\/div>\n\t\t\t\t<div class=\"elementor-element elementor-element-1806a5b elementor-widget elementor-widget-text-editor\" data-id=\"1806a5b\" data-element_type=\"widget\" data-e-type=\"widget\" data-widget_type=\"text-editor.default\">\n\t\t\t\t\t\t\t\t\t<p>QS also offers a quality and process assurance programme for the production of dog and cat food for companies in the pet food industry. The programme covers the entire value chain of pet food production.<\/p><p>We offer certification for the following production scopes:<\/p><ul><li>Transport (raw material petfood)<\/li><li>Storrage (raw material petfood)<\/li><li>Processing plant (raw materials petfood)<\/li><li>Petfood plant<\/li><li>Wholesale (petfood)<\/li><li>Private labelling (petfood)<\/li><li>Broker (petfood)<\/li><\/ul><div>\u00a0<\/div><div>\u00a0For further information or a non-binding offer, please call us on 0049 30 4788030 or send us an email to: <span style=\"color: #467886;\"><u><a href=\"mailto:info@ifta-ag.de\">info@ifta-ag.de<\/a><\/u><\/span><\/div>\t\t\t\t\t\t\t\t<\/div>\n\t\t\t\t<div class=\"elementor-element elementor-element-441c22d elementor-hidden-desktop elementor-hidden-tablet elementor-hidden-mobile elementor-widget elementor-widget-button\" data-id=\"441c22d\" data-element_type=\"widget\" data-e-type=\"widget\" data-widget_type=\"button.default\">\n\t\t\t\t\t\t\t\t\t\t<a class=\"elementor-button elementor-button-link elementor-size-sm\" href=\"#\">\n\t\t\t\t\t\t<span class=\"elementor-button-content-wrapper\">\n\t\t\t\t\t\t\t\t\t<span class=\"elementor-button-text\">Download<\/span>\n\t\t\t\t\t<\/span>\n\t\t\t\t\t<\/a>\n\t\t\t\t\t\t\t\t<\/div>\n\t\t\t\t\t<\/div>\n\t\t\t\t<\/div>\n\t\t\t\t<\/div>","protected":false},"excerpt":{"rendered":"<p>&lt;&lt; Zur\u00fcck QS \u2013 Qualit\u00e4t und Sicherheit Das QS-System ist ein stufen\u00fcbergreifendes Qualit\u00e4tssicherungssystem f\u00fcr Lebensmittel und umfasst alle Bereiche der Produktions- und Vermarktungskette \u2013 von der Futtermittelwirtschaft \u00fcber die Landwirtschaft bis hin zur Verarbeitung und dem Handel. Ziel des Systems ist die durchg\u00e4ngige Sicherung der Lebensmittelqualit\u00e4t und -sicherheit. Hierzu definiert QS verbindliche Anforderungen f\u00fcr alle [&hellip;]<\/p>\n","protected":false},"author":1,"featured_media":0,"parent":57,"menu_order":0,"comment_status":"closed","ping_status":"closed","template":"","meta":{"footnotes":""},"class_list":["post-874","page","type-page","status-publish","hentry"],"yoast_head":"<!-- This site is optimized with the Yoast SEO plugin v27.2 - https:\/\/yoast.com\/product\/yoast-seo-wordpress\/ -->\n<title>QS \u2013 Qualit\u00e4t und Sicherheit - IFTA AG - Kompetenz aus einer Hand.<\/title>\n<meta name=\"robots\" content=\"index, follow, max-snippet:-1, max-image-preview:large, max-video-preview:-1\" \/>\n<link rel=\"canonical\" href=\"https:\/\/ifta-ag.de\/en\/zertifizierungsstandards\/qs-qualitaet-und-sicherheit\/\" \/>\n<meta property=\"og:locale\" content=\"en_GB\" \/>\n<meta property=\"og:type\" content=\"article\" \/>\n<meta property=\"og:title\" content=\"QS \u2013 Qualit\u00e4t und Sicherheit - IFTA AG - Kompetenz aus einer Hand.\" \/>\n<meta property=\"og:description\" content=\"&lt;&lt; Zur\u00fcck QS \u2013 Qualit\u00e4t und Sicherheit Das QS-System ist ein stufen\u00fcbergreifendes Qualit\u00e4tssicherungssystem f\u00fcr Lebensmittel und umfasst alle Bereiche der Produktions- und Vermarktungskette \u2013 von der Futtermittelwirtschaft \u00fcber die Landwirtschaft bis hin zur Verarbeitung und dem Handel. Ziel des Systems ist die durchg\u00e4ngige Sicherung der Lebensmittelqualit\u00e4t und -sicherheit. Hierzu definiert QS verbindliche Anforderungen f\u00fcr alle [&hellip;]\" \/>\n<meta property=\"og:url\" content=\"https:\/\/ifta-ag.de\/en\/zertifizierungsstandards\/qs-qualitaet-und-sicherheit\/\" \/>\n<meta property=\"og:site_name\" content=\"IFTA AG - Kompetenz aus einer Hand.\" \/>\n<meta property=\"article:modified_time\" content=\"2026-04-29T11:37:07+00:00\" \/>\n<meta property=\"og:image\" content=\"https:\/\/ifta-ag.de\/wp-content\/uploads\/2025\/09\/zertifizierungsstandards_frei.png\" \/>\n\t<meta property=\"og:image:width\" content=\"298\" \/>\n\t<meta property=\"og:image:height\" content=\"270\" \/>\n\t<meta property=\"og:image:type\" content=\"image\/png\" \/>\n<meta name=\"twitter:card\" content=\"summary_large_image\" \/>\n<meta name=\"twitter:label1\" content=\"Estimated reading time\" \/>\n\t<meta name=\"twitter:data1\" content=\"3 minutes\" \/>\n<script type=\"application\/ld+json\" class=\"yoast-schema-graph\">{\"@context\":\"https:\/\/schema.org\",\"@graph\":[{\"@type\":\"WebPage\",\"@id\":\"https:\/\/ifta-ag.de\/zertifizierungsstandards\/qs-qualitaet-und-sicherheit\/\",\"url\":\"https:\/\/ifta-ag.de\/zertifizierungsstandards\/qs-qualitaet-und-sicherheit\/\",\"name\":\"QS \u2013 Qualit\u00e4t und Sicherheit - IFTA AG - Kompetenz aus einer Hand.\",\"isPartOf\":{\"@id\":\"https:\/\/ifta-ag.de\/#website\"},\"primaryImageOfPage\":{\"@id\":\"https:\/\/ifta-ag.de\/zertifizierungsstandards\/qs-qualitaet-und-sicherheit\/#primaryimage\"},\"image\":{\"@id\":\"https:\/\/ifta-ag.de\/zertifizierungsstandards\/qs-qualitaet-und-sicherheit\/#primaryimage\"},\"thumbnailUrl\":\"https:\/\/ifta-ag.de\/wp-content\/uploads\/2025\/09\/zertifizierungsstandards_frei.png\",\"datePublished\":\"2025-10-23T12:21:31+00:00\",\"dateModified\":\"2026-04-29T11:37:07+00:00\",\"breadcrumb\":{\"@id\":\"https:\/\/ifta-ag.de\/zertifizierungsstandards\/qs-qualitaet-und-sicherheit\/#breadcrumb\"},\"inLanguage\":\"en-GB\",\"potentialAction\":[{\"@type\":\"ReadAction\",\"target\":[\"https:\/\/ifta-ag.de\/zertifizierungsstandards\/qs-qualitaet-und-sicherheit\/\"]}]},{\"@type\":\"ImageObject\",\"inLanguage\":\"en-GB\",\"@id\":\"https:\/\/ifta-ag.de\/zertifizierungsstandards\/qs-qualitaet-und-sicherheit\/#primaryimage\",\"url\":\"https:\/\/ifta-ag.de\/wp-content\/uploads\/2025\/09\/zertifizierungsstandards_frei.png\",\"contentUrl\":\"https:\/\/ifta-ag.de\/wp-content\/uploads\/2025\/09\/zertifizierungsstandards_frei.png\"},{\"@type\":\"BreadcrumbList\",\"@id\":\"https:\/\/ifta-ag.de\/zertifizierungsstandards\/qs-qualitaet-und-sicherheit\/#breadcrumb\",\"itemListElement\":[{\"@type\":\"ListItem\",\"position\":1,\"name\":\"Startseite\",\"item\":\"https:\/\/ifta-ag.de\/\"},{\"@type\":\"ListItem\",\"position\":2,\"name\":\"Zertifizierungsstandards\",\"item\":\"https:\/\/ifta-ag.de\/zertifizierungsstandards\/\"},{\"@type\":\"ListItem\",\"position\":3,\"name\":\"QS \u2013 Qualit\u00e4t und Sicherheit\"}]},{\"@type\":\"WebSite\",\"@id\":\"https:\/\/ifta-ag.de\/#website\",\"url\":\"https:\/\/ifta-ag.de\/\",\"name\":\"IFTA AG - Kompetenz aus einer Hand.\",\"description\":\"\",\"publisher\":{\"@id\":\"https:\/\/ifta-ag.de\/#organization\"},\"potentialAction\":[{\"@type\":\"SearchAction\",\"target\":{\"@type\":\"EntryPoint\",\"urlTemplate\":\"https:\/\/ifta-ag.de\/?s={search_term_string}\"},\"query-input\":{\"@type\":\"PropertyValueSpecification\",\"valueRequired\":true,\"valueName\":\"search_term_string\"}}],\"inLanguage\":\"en-GB\"},{\"@type\":\"Organization\",\"@id\":\"https:\/\/ifta-ag.de\/#organization\",\"name\":\"IFTA AG - Kompetenz aus einer Hand.\",\"url\":\"https:\/\/ifta-ag.de\/\",\"logo\":{\"@type\":\"ImageObject\",\"inLanguage\":\"en-GB\",\"@id\":\"https:\/\/ifta-ag.de\/#\/schema\/logo\/image\/\",\"url\":\"https:\/\/ifta-ag.de\/wp-content\/uploads\/2025\/08\/IFTA-AG-Logo-01.png\",\"contentUrl\":\"https:\/\/ifta-ag.de\/wp-content\/uploads\/2025\/08\/IFTA-AG-Logo-01.png\",\"width\":541,\"height\":176,\"caption\":\"IFTA AG - Kompetenz aus einer Hand.\"},\"image\":{\"@id\":\"https:\/\/ifta-ag.de\/#\/schema\/logo\/image\/\"}}]}<\/script>\n<!-- \/ Yoast SEO plugin. -->","yoast_head_json":{"title":"QS \u2013 Qualit\u00e4t und Sicherheit - IFTA AG - Kompetenz aus einer Hand.","robots":{"index":"index","follow":"follow","max-snippet":"max-snippet:-1","max-image-preview":"max-image-preview:large","max-video-preview":"max-video-preview:-1"},"canonical":"https:\/\/ifta-ag.de\/en\/zertifizierungsstandards\/qs-qualitaet-und-sicherheit\/","og_locale":"en_GB","og_type":"article","og_title":"QS \u2013 Qualit\u00e4t und Sicherheit - IFTA AG - Kompetenz aus einer Hand.","og_description":"&lt;&lt; Zur\u00fcck QS \u2013 Qualit\u00e4t und Sicherheit Das QS-System ist ein stufen\u00fcbergreifendes Qualit\u00e4tssicherungssystem f\u00fcr Lebensmittel und umfasst alle Bereiche der Produktions- und Vermarktungskette \u2013 von der Futtermittelwirtschaft \u00fcber die Landwirtschaft bis hin zur Verarbeitung und dem Handel. Ziel des Systems ist die durchg\u00e4ngige Sicherung der Lebensmittelqualit\u00e4t und -sicherheit. Hierzu definiert QS verbindliche Anforderungen f\u00fcr alle [&hellip;]","og_url":"https:\/\/ifta-ag.de\/en\/zertifizierungsstandards\/qs-qualitaet-und-sicherheit\/","og_site_name":"IFTA AG - Kompetenz aus einer Hand.","article_modified_time":"2026-04-29T11:37:07+00:00","og_image":[{"width":298,"height":270,"url":"https:\/\/ifta-ag.de\/wp-content\/uploads\/2025\/09\/zertifizierungsstandards_frei.png","type":"image\/png"}],"twitter_card":"summary_large_image","twitter_misc":{"Estimated reading time":"3 minutes"},"schema":{"@context":"https:\/\/schema.org","@graph":[{"@type":"WebPage","@id":"https:\/\/ifta-ag.de\/zertifizierungsstandards\/qs-qualitaet-und-sicherheit\/","url":"https:\/\/ifta-ag.de\/zertifizierungsstandards\/qs-qualitaet-und-sicherheit\/","name":"QS \u2013 Qualit\u00e4t und Sicherheit - IFTA AG - Kompetenz aus einer Hand.","isPartOf":{"@id":"https:\/\/ifta-ag.de\/#website"},"primaryImageOfPage":{"@id":"https:\/\/ifta-ag.de\/zertifizierungsstandards\/qs-qualitaet-und-sicherheit\/#primaryimage"},"image":{"@id":"https:\/\/ifta-ag.de\/zertifizierungsstandards\/qs-qualitaet-und-sicherheit\/#primaryimage"},"thumbnailUrl":"https:\/\/ifta-ag.de\/wp-content\/uploads\/2025\/09\/zertifizierungsstandards_frei.png","datePublished":"2025-10-23T12:21:31+00:00","dateModified":"2026-04-29T11:37:07+00:00","breadcrumb":{"@id":"https:\/\/ifta-ag.de\/zertifizierungsstandards\/qs-qualitaet-und-sicherheit\/#breadcrumb"},"inLanguage":"en-GB","potentialAction":[{"@type":"ReadAction","target":["https:\/\/ifta-ag.de\/zertifizierungsstandards\/qs-qualitaet-und-sicherheit\/"]}]},{"@type":"ImageObject","inLanguage":"en-GB","@id":"https:\/\/ifta-ag.de\/zertifizierungsstandards\/qs-qualitaet-und-sicherheit\/#primaryimage","url":"https:\/\/ifta-ag.de\/wp-content\/uploads\/2025\/09\/zertifizierungsstandards_frei.png","contentUrl":"https:\/\/ifta-ag.de\/wp-content\/uploads\/2025\/09\/zertifizierungsstandards_frei.png"},{"@type":"BreadcrumbList","@id":"https:\/\/ifta-ag.de\/zertifizierungsstandards\/qs-qualitaet-und-sicherheit\/#breadcrumb","itemListElement":[{"@type":"ListItem","position":1,"name":"Startseite","item":"https:\/\/ifta-ag.de\/"},{"@type":"ListItem","position":2,"name":"Zertifizierungsstandards","item":"https:\/\/ifta-ag.de\/zertifizierungsstandards\/"},{"@type":"ListItem","position":3,"name":"QS \u2013 Qualit\u00e4t und Sicherheit"}]},{"@type":"WebSite","@id":"https:\/\/ifta-ag.de\/#website","url":"https:\/\/ifta-ag.de\/","name":"IFTA AG - Kompetenz aus einer Hand.","description":"","publisher":{"@id":"https:\/\/ifta-ag.de\/#organization"},"potentialAction":[{"@type":"SearchAction","target":{"@type":"EntryPoint","urlTemplate":"https:\/\/ifta-ag.de\/?s={search_term_string}"},"query-input":{"@type":"PropertyValueSpecification","valueRequired":true,"valueName":"search_term_string"}}],"inLanguage":"en-GB"},{"@type":"Organization","@id":"https:\/\/ifta-ag.de\/#organization","name":"IFTA AG - Kompetenz aus einer Hand.","url":"https:\/\/ifta-ag.de\/","logo":{"@type":"ImageObject","inLanguage":"en-GB","@id":"https:\/\/ifta-ag.de\/#\/schema\/logo\/image\/","url":"https:\/\/ifta-ag.de\/wp-content\/uploads\/2025\/08\/IFTA-AG-Logo-01.png","contentUrl":"https:\/\/ifta-ag.de\/wp-content\/uploads\/2025\/08\/IFTA-AG-Logo-01.png","width":541,"height":176,"caption":"IFTA AG - Kompetenz aus einer Hand."},"image":{"@id":"https:\/\/ifta-ag.de\/#\/schema\/logo\/image\/"}}]}},"_links":{"self":[{"href":"http:\/\/ifta-ag.de\/en\/wp-json\/wp\/v2\/pages\/874","targetHints":{"allow":["GET"]}}],"collection":[{"href":"http:\/\/ifta-ag.de\/en\/wp-json\/wp\/v2\/pages"}],"about":[{"href":"http:\/\/ifta-ag.de\/en\/wp-json\/wp\/v2\/types\/page"}],"author":[{"embeddable":true,"href":"http:\/\/ifta-ag.de\/en\/wp-json\/wp\/v2\/users\/1"}],"replies":[{"embeddable":true,"href":"http:\/\/ifta-ag.de\/en\/wp-json\/wp\/v2\/comments?post=874"}],"version-history":[{"count":19,"href":"http:\/\/ifta-ag.de\/en\/wp-json\/wp\/v2\/pages\/874\/revisions"}],"predecessor-version":[{"id":1829,"href":"http:\/\/ifta-ag.de\/en\/wp-json\/wp\/v2\/pages\/874\/revisions\/1829"}],"up":[{"embeddable":true,"href":"http:\/\/ifta-ag.de\/en\/wp-json\/wp\/v2\/pages\/57"}],"wp:attachment":[{"href":"http:\/\/ifta-ag.de\/en\/wp-json\/wp\/v2\/media?parent=874"}],"curies":[{"name":"wp","href":"https:\/\/api.w.org\/{rel}","templated":true}]}}