{"id":866,"date":"2025-10-23T14:20:37","date_gmt":"2025-10-23T12:20:37","guid":{"rendered":"http:\/\/570780784.swh.strato-hosting.eu\/?page_id=866"},"modified":"2025-11-11T10:53:37","modified_gmt":"2025-11-11T09:53:37","slug":"lebensmittelsicherheitssystemen-din-en-iso-22000-und-fssc-2200","status":"publish","type":"page","link":"http:\/\/ifta-ag.de\/en\/zertifizierungsstandards\/lebensmittelsicherheitssystemen-din-en-iso-22000-und-fssc-2200\/","title":{"rendered":"Lebensmittelsicherheitssystemen, DIN EN ISO 22000 und FSSC 2200"},"content":{"rendered":"<div data-elementor-type=\"wp-page\" data-elementor-id=\"866\" class=\"elementor elementor-866\" data-elementor-post-type=\"page\">\n\t\t\t\t<div class=\"elementor-element elementor-element-2d6461d e-flex e-con-boxed e-con e-parent\" data-id=\"2d6461d\" data-element_type=\"container\" data-e-type=\"container\">\n\t\t\t\t\t<div class=\"e-con-inner\">\n\t\t\t\t<div class=\"elementor-element elementor-element-d15e2db elementor-widget elementor-widget-text-editor\" data-id=\"d15e2db\" data-element_type=\"widget\" data-e-type=\"widget\" data-widget_type=\"text-editor.default\">\n\t\t\t\t\t\t\t\t\t<p><a href=\"https:\/\/ifta-ag.de\/en\/zertifizierungsstandards\/\">&lt;&lt; Zur\u00fcck<\/a><\/p>\t\t\t\t\t\t\t\t<\/div>\n\t\t\t\t\t<\/div>\n\t\t\t\t<\/div>\n\t\t<div class=\"elementor-element elementor-element-2f0e7c8 e-flex e-con-boxed e-con e-parent\" data-id=\"2f0e7c8\" data-element_type=\"container\" data-e-type=\"container\">\n\t\t\t\t\t<div class=\"e-con-inner\">\n\t\t<div class=\"elementor-element elementor-element-57dd31d e-con-full e-flex e-con e-child\" data-id=\"57dd31d\" data-element_type=\"container\" data-e-type=\"container\">\n\t\t<div class=\"elementor-element elementor-element-feeda10 e-con-full e-flex e-con e-child\" data-id=\"feeda10\" data-element_type=\"container\" data-e-type=\"container\">\n\t\t\t\t<div class=\"elementor-element elementor-element-eb9ea68 elementor-widget elementor-widget-heading\" data-id=\"eb9ea68\" data-element_type=\"widget\" data-e-type=\"widget\" data-widget_type=\"heading.default\">\n\t\t\t\t\t<h2 class=\"elementor-heading-title elementor-size-default\">Food safety DIN EN ISO 22000 and FSSC 22000<\/h2>\t\t\t\t<\/div>\n\t\t\t\t<\/div>\n\t\t<div class=\"elementor-element elementor-element-dd81a99 e-con-full e-flex e-con e-child\" data-id=\"dd81a99\" data-element_type=\"container\" data-e-type=\"container\">\n\t\t\t\t<div class=\"elementor-element elementor-element-05402c6 elementor-widget elementor-widget-image\" data-id=\"05402c6\" data-element_type=\"widget\" data-e-type=\"widget\" data-widget_type=\"image.default\">\n\t\t\t\t\t\t\t\t\t\t\t\t\t\t\t<img fetchpriority=\"high\" decoding=\"async\" width=\"298\" height=\"270\" src=\"https:\/\/ifta-ag.de\/wp-content\/uploads\/2025\/09\/zertifizierungsstandards_frei.png\" class=\"attachment-medium size-medium wp-image-608\" alt=\"\" srcset=\"https:\/\/ifta-ag.de\/wp-content\/uploads\/2025\/09\/zertifizierungsstandards_frei.png 298w, https:\/\/ifta-ag.de\/wp-content\/uploads\/2025\/09\/zertifizierungsstandards_frei-13x12.png 13w\" sizes=\"(max-width: 298px) 100vw, 298px\" \/>\t\t\t\t\t\t\t\t\t\t\t\t\t\t\t<\/div>\n\t\t\t\t<\/div>\n\t\t\t\t<\/div>\n\t\t\t\t\t<\/div>\n\t\t\t\t<\/div>\n\t\t<div class=\"elementor-element elementor-element-19dbbae e-flex e-con-boxed e-con e-parent\" data-id=\"19dbbae\" data-element_type=\"container\" data-e-type=\"container\">\n\t\t\t\t\t<div class=\"e-con-inner\">\n\t\t\t\t<div class=\"elementor-element elementor-element-6f2274c elementor-widget elementor-widget-text-editor\" data-id=\"6f2274c\" data-element_type=\"widget\" data-e-type=\"widget\" data-widget_type=\"text-editor.default\">\n\t\t\t\t\t\t\t\t\t<p class=\"western\">The production of safe food is the top priority when applying certification standards in the food industry. In addition, they help to optimize your own business processes and meet customer requirements. IFTA AG is your reliable partner for conducting DIN EN ISO 22000 or FSSC 22000 audits. This confirms the conformity of the food safety standard introduced in your company \u2013 a decisive factor in building trust among customers, authorities, and the public.<\/p><p class=\"western translation-block\" align=\"justify\">Within the ISO family, <b>DIN EN ISO 22000<\/b> is the standard that deals directly with food safety management systems. DIN EN ISO 22000 is based on DIN EN ISO 9001. It expands on the requirements, particularly with regard to HACCP and the associated process organization. Like many ISO standards, DIN EN ISO 22000 allows a certain amount of leeway in the implementation of the requirements and promotes the internal continuous improvement process.<\/p><p class=\"western\" align=\"justify\"><b>FSSC 22000<\/b> is a GFSI-recognized food safety standard based on the requirements of DIN EN ISO 22000 and ISO\/TS 22002-1. IFTA AG offers certification of management systems in the field of food processing.<\/p><p class=\"western\">The advantages of FSSC 22000 certification are:<\/p><ul><li><p>Protecting your company from risks with an international certification system for food safety management systems<\/p><\/li><li><p>Recognition of the FSSC 22000 standard by the Global Food Safety Initiative (GFSI)<\/p><\/li><li><p>Conducting high-quality audits under the responsibility of a licensed certification body and qualified auditors.<\/p><\/li><li><p>FSSC 22000 combines DIN EN ISO 22000 (for food safety management systems), which includes the HACCP principles of the Codex Alimentarius, with preventive programs from ISO\/TS 22002 and additional requirements of its own.<\/p><\/li><\/ul><p class=\"western\">Further information on the FSSC 22000 standard can be found at <span style=\"color: #467886;\"><u><a href=\"https:\/\/www.fssc.com\/schemes\/fssc-22000\/\">https:\/\/www.fssc.com\/schemes\/fssc-22000\/<\/a><\/u><\/span><\/p><p class=\"western\"><br \/>We offer certification in the following areas:<\/p><p class=\"western\"><b>Ern\u00e4hrungswirtschaft<br \/><\/b><b>Industry, trade, services<\/b><\/p><p class=\"western\"><br \/>For further information or a non-binding offer, please call us on 0049 30 4788030 or send us an email to: <a href=\"mailto:info@ifta-ag.de\">info@ifta-ag.de<\/a><\/p><p class=\"western\">\u00a0<\/p>\t\t\t\t\t\t\t\t<\/div>\n\t\t\t\t<div class=\"elementor-element elementor-element-441c22d elementor-hidden-desktop elementor-hidden-tablet elementor-hidden-mobile elementor-widget elementor-widget-button\" data-id=\"441c22d\" data-element_type=\"widget\" data-e-type=\"widget\" data-widget_type=\"button.default\">\n\t\t\t\t\t\t\t\t\t\t<a class=\"elementor-button elementor-button-link elementor-size-sm\" href=\"#\">\n\t\t\t\t\t\t<span class=\"elementor-button-content-wrapper\">\n\t\t\t\t\t\t\t\t\t<span class=\"elementor-button-text\">Download<\/span>\n\t\t\t\t\t<\/span>\n\t\t\t\t\t<\/a>\n\t\t\t\t\t\t\t\t<\/div>\n\t\t\t\t\t<\/div>\n\t\t\t\t<\/div>\n\t\t\t\t<\/div>","protected":false},"excerpt":{"rendered":"<p>&lt;&lt; Zur\u00fcck Lebensmittelsicherheit nach DIN EN ISO 22000 und FSSC 22000 Die Erzeugung sicherer Lebensmittel steht bei der Anwendung von Zertifizierungsstandards in der Ern\u00e4hrungswirtschaft an erster Stelle. Daneben helfen sie bei der Optimierung der eigenen Unternehmensprozesse und bei der Erf\u00fcllung von Kundenw\u00fcnschen. Die IFTA AG ist ihre verl\u00e4ssliche Partnerin bei der Durchf\u00fchrung von DIN EN [&hellip;]<\/p>\n","protected":false},"author":1,"featured_media":0,"parent":57,"menu_order":0,"comment_status":"closed","ping_status":"closed","template":"","meta":{"footnotes":""},"class_list":["post-866","page","type-page","status-publish","hentry"],"yoast_head":"<!-- This site is optimized with the Yoast SEO plugin v27.2 - https:\/\/yoast.com\/product\/yoast-seo-wordpress\/ -->\n<title>Lebensmittelsicherheitssystemen, DIN EN ISO 22000 und FSSC 2200 - IFTA AG - Kompetenz aus einer Hand.<\/title>\n<meta name=\"robots\" content=\"index, follow, max-snippet:-1, max-image-preview:large, max-video-preview:-1\" \/>\n<link rel=\"canonical\" href=\"https:\/\/ifta-ag.de\/en\/zertifizierungsstandards\/lebensmittelsicherheitssystemen-din-en-iso-22000-und-fssc-2200\/\" \/>\n<meta property=\"og:locale\" content=\"en_GB\" \/>\n<meta property=\"og:type\" content=\"article\" \/>\n<meta property=\"og:title\" content=\"Lebensmittelsicherheitssystemen, DIN EN ISO 22000 und FSSC 2200 - IFTA AG - Kompetenz aus einer Hand.\" \/>\n<meta property=\"og:description\" content=\"&lt;&lt; Zur\u00fcck Lebensmittelsicherheit nach DIN EN ISO 22000 und FSSC 22000 Die Erzeugung sicherer Lebensmittel steht bei der Anwendung von Zertifizierungsstandards in der Ern\u00e4hrungswirtschaft an erster Stelle. Daneben helfen sie bei der Optimierung der eigenen Unternehmensprozesse und bei der Erf\u00fcllung von Kundenw\u00fcnschen. Die IFTA AG ist ihre verl\u00e4ssliche Partnerin bei der Durchf\u00fchrung von DIN EN [&hellip;]\" \/>\n<meta property=\"og:url\" content=\"https:\/\/ifta-ag.de\/en\/zertifizierungsstandards\/lebensmittelsicherheitssystemen-din-en-iso-22000-und-fssc-2200\/\" \/>\n<meta property=\"og:site_name\" content=\"IFTA AG - Kompetenz aus einer Hand.\" \/>\n<meta property=\"article:modified_time\" content=\"2025-11-11T09:53:37+00:00\" \/>\n<meta property=\"og:image\" content=\"https:\/\/ifta-ag.de\/wp-content\/uploads\/2025\/09\/zertifizierungsstandards_frei.png\" \/>\n<meta name=\"twitter:card\" content=\"summary_large_image\" \/>\n<meta name=\"twitter:label1\" content=\"Estimated reading time\" \/>\n\t<meta name=\"twitter:data1\" content=\"2 minutes\" \/>\n<script type=\"application\/ld+json\" class=\"yoast-schema-graph\">{\"@context\":\"https:\/\/schema.org\",\"@graph\":[{\"@type\":\"WebPage\",\"@id\":\"https:\/\/ifta-ag.de\/en\/zertifizierungsstandards\/lebensmittelsicherheitssystemen-din-en-iso-22000-und-fssc-2200\/\",\"url\":\"https:\/\/ifta-ag.de\/en\/zertifizierungsstandards\/lebensmittelsicherheitssystemen-din-en-iso-22000-und-fssc-2200\/\",\"name\":\"Lebensmittelsicherheitssystemen, DIN EN ISO 22000 und FSSC 2200 - IFTA AG - Kompetenz aus einer Hand.\",\"isPartOf\":{\"@id\":\"https:\/\/ifta-ag.de\/#website\"},\"primaryImageOfPage\":{\"@id\":\"https:\/\/ifta-ag.de\/en\/zertifizierungsstandards\/lebensmittelsicherheitssystemen-din-en-iso-22000-und-fssc-2200\/#primaryimage\"},\"image\":{\"@id\":\"https:\/\/ifta-ag.de\/en\/zertifizierungsstandards\/lebensmittelsicherheitssystemen-din-en-iso-22000-und-fssc-2200\/#primaryimage\"},\"thumbnailUrl\":\"https:\/\/ifta-ag.de\/wp-content\/uploads\/2025\/09\/zertifizierungsstandards_frei.png\",\"datePublished\":\"2025-10-23T12:20:37+00:00\",\"dateModified\":\"2025-11-11T09:53:37+00:00\",\"breadcrumb\":{\"@id\":\"https:\/\/ifta-ag.de\/en\/zertifizierungsstandards\/lebensmittelsicherheitssystemen-din-en-iso-22000-und-fssc-2200\/#breadcrumb\"},\"inLanguage\":\"en-GB\",\"potentialAction\":[{\"@type\":\"ReadAction\",\"target\":[\"https:\/\/ifta-ag.de\/en\/zertifizierungsstandards\/lebensmittelsicherheitssystemen-din-en-iso-22000-und-fssc-2200\/\"]}]},{\"@type\":\"ImageObject\",\"inLanguage\":\"en-GB\",\"@id\":\"https:\/\/ifta-ag.de\/en\/zertifizierungsstandards\/lebensmittelsicherheitssystemen-din-en-iso-22000-und-fssc-2200\/#primaryimage\",\"url\":\"https:\/\/ifta-ag.de\/wp-content\/uploads\/2025\/09\/zertifizierungsstandards_frei.png\",\"contentUrl\":\"https:\/\/ifta-ag.de\/wp-content\/uploads\/2025\/09\/zertifizierungsstandards_frei.png\"},{\"@type\":\"BreadcrumbList\",\"@id\":\"https:\/\/ifta-ag.de\/en\/zertifizierungsstandards\/lebensmittelsicherheitssystemen-din-en-iso-22000-und-fssc-2200\/#breadcrumb\",\"itemListElement\":[{\"@type\":\"ListItem\",\"position\":1,\"name\":\"Startseite\",\"item\":\"https:\/\/ifta-ag.de\/\"},{\"@type\":\"ListItem\",\"position\":2,\"name\":\"Zertifizierungsstandards\",\"item\":\"https:\/\/ifta-ag.de\/zertifizierungsstandards\/\"},{\"@type\":\"ListItem\",\"position\":3,\"name\":\"Lebensmittelsicherheitssystemen, DIN EN ISO 22000 und FSSC 2200\"}]},{\"@type\":\"WebSite\",\"@id\":\"https:\/\/ifta-ag.de\/#website\",\"url\":\"https:\/\/ifta-ag.de\/\",\"name\":\"IFTA AG - Kompetenz aus einer Hand.\",\"description\":\"\",\"publisher\":{\"@id\":\"https:\/\/ifta-ag.de\/#organization\"},\"potentialAction\":[{\"@type\":\"SearchAction\",\"target\":{\"@type\":\"EntryPoint\",\"urlTemplate\":\"https:\/\/ifta-ag.de\/?s={search_term_string}\"},\"query-input\":{\"@type\":\"PropertyValueSpecification\",\"valueRequired\":true,\"valueName\":\"search_term_string\"}}],\"inLanguage\":\"en-GB\"},{\"@type\":\"Organization\",\"@id\":\"https:\/\/ifta-ag.de\/#organization\",\"name\":\"IFTA AG - Kompetenz aus einer Hand.\",\"url\":\"https:\/\/ifta-ag.de\/\",\"logo\":{\"@type\":\"ImageObject\",\"inLanguage\":\"en-GB\",\"@id\":\"https:\/\/ifta-ag.de\/#\/schema\/logo\/image\/\",\"url\":\"https:\/\/ifta-ag.de\/wp-content\/uploads\/2025\/08\/IFTA-AG-Logo-01.png\",\"contentUrl\":\"https:\/\/ifta-ag.de\/wp-content\/uploads\/2025\/08\/IFTA-AG-Logo-01.png\",\"width\":541,\"height\":176,\"caption\":\"IFTA AG - Kompetenz aus einer Hand.\"},\"image\":{\"@id\":\"https:\/\/ifta-ag.de\/#\/schema\/logo\/image\/\"}}]}<\/script>\n<!-- \/ Yoast SEO plugin. -->","yoast_head_json":{"title":"Lebensmittelsicherheitssystemen, DIN EN ISO 22000 und FSSC 2200 - IFTA AG - Kompetenz aus einer Hand.","robots":{"index":"index","follow":"follow","max-snippet":"max-snippet:-1","max-image-preview":"max-image-preview:large","max-video-preview":"max-video-preview:-1"},"canonical":"https:\/\/ifta-ag.de\/en\/zertifizierungsstandards\/lebensmittelsicherheitssystemen-din-en-iso-22000-und-fssc-2200\/","og_locale":"en_GB","og_type":"article","og_title":"Lebensmittelsicherheitssystemen, DIN EN ISO 22000 und FSSC 2200 - IFTA AG - Kompetenz aus einer Hand.","og_description":"&lt;&lt; Zur\u00fcck Lebensmittelsicherheit nach DIN EN ISO 22000 und FSSC 22000 Die Erzeugung sicherer Lebensmittel steht bei der Anwendung von Zertifizierungsstandards in der Ern\u00e4hrungswirtschaft an erster Stelle. Daneben helfen sie bei der Optimierung der eigenen Unternehmensprozesse und bei der Erf\u00fcllung von Kundenw\u00fcnschen. Die IFTA AG ist ihre verl\u00e4ssliche Partnerin bei der Durchf\u00fchrung von DIN EN [&hellip;]","og_url":"https:\/\/ifta-ag.de\/en\/zertifizierungsstandards\/lebensmittelsicherheitssystemen-din-en-iso-22000-und-fssc-2200\/","og_site_name":"IFTA AG - Kompetenz aus einer Hand.","article_modified_time":"2025-11-11T09:53:37+00:00","og_image":[{"url":"https:\/\/ifta-ag.de\/wp-content\/uploads\/2025\/09\/zertifizierungsstandards_frei.png","type":"","width":"","height":""}],"twitter_card":"summary_large_image","twitter_misc":{"Estimated reading time":"2 minutes"},"schema":{"@context":"https:\/\/schema.org","@graph":[{"@type":"WebPage","@id":"https:\/\/ifta-ag.de\/en\/zertifizierungsstandards\/lebensmittelsicherheitssystemen-din-en-iso-22000-und-fssc-2200\/","url":"https:\/\/ifta-ag.de\/en\/zertifizierungsstandards\/lebensmittelsicherheitssystemen-din-en-iso-22000-und-fssc-2200\/","name":"Lebensmittelsicherheitssystemen, DIN EN ISO 22000 und FSSC 2200 - IFTA AG - Kompetenz aus einer Hand.","isPartOf":{"@id":"https:\/\/ifta-ag.de\/#website"},"primaryImageOfPage":{"@id":"https:\/\/ifta-ag.de\/en\/zertifizierungsstandards\/lebensmittelsicherheitssystemen-din-en-iso-22000-und-fssc-2200\/#primaryimage"},"image":{"@id":"https:\/\/ifta-ag.de\/en\/zertifizierungsstandards\/lebensmittelsicherheitssystemen-din-en-iso-22000-und-fssc-2200\/#primaryimage"},"thumbnailUrl":"https:\/\/ifta-ag.de\/wp-content\/uploads\/2025\/09\/zertifizierungsstandards_frei.png","datePublished":"2025-10-23T12:20:37+00:00","dateModified":"2025-11-11T09:53:37+00:00","breadcrumb":{"@id":"https:\/\/ifta-ag.de\/en\/zertifizierungsstandards\/lebensmittelsicherheitssystemen-din-en-iso-22000-und-fssc-2200\/#breadcrumb"},"inLanguage":"en-GB","potentialAction":[{"@type":"ReadAction","target":["https:\/\/ifta-ag.de\/en\/zertifizierungsstandards\/lebensmittelsicherheitssystemen-din-en-iso-22000-und-fssc-2200\/"]}]},{"@type":"ImageObject","inLanguage":"en-GB","@id":"https:\/\/ifta-ag.de\/en\/zertifizierungsstandards\/lebensmittelsicherheitssystemen-din-en-iso-22000-und-fssc-2200\/#primaryimage","url":"https:\/\/ifta-ag.de\/wp-content\/uploads\/2025\/09\/zertifizierungsstandards_frei.png","contentUrl":"https:\/\/ifta-ag.de\/wp-content\/uploads\/2025\/09\/zertifizierungsstandards_frei.png"},{"@type":"BreadcrumbList","@id":"https:\/\/ifta-ag.de\/en\/zertifizierungsstandards\/lebensmittelsicherheitssystemen-din-en-iso-22000-und-fssc-2200\/#breadcrumb","itemListElement":[{"@type":"ListItem","position":1,"name":"Startseite","item":"https:\/\/ifta-ag.de\/"},{"@type":"ListItem","position":2,"name":"Zertifizierungsstandards","item":"https:\/\/ifta-ag.de\/zertifizierungsstandards\/"},{"@type":"ListItem","position":3,"name":"Lebensmittelsicherheitssystemen, DIN EN ISO 22000 und FSSC 2200"}]},{"@type":"WebSite","@id":"https:\/\/ifta-ag.de\/#website","url":"https:\/\/ifta-ag.de\/","name":"IFTA AG - Kompetenz aus einer Hand.","description":"","publisher":{"@id":"https:\/\/ifta-ag.de\/#organization"},"potentialAction":[{"@type":"SearchAction","target":{"@type":"EntryPoint","urlTemplate":"https:\/\/ifta-ag.de\/?s={search_term_string}"},"query-input":{"@type":"PropertyValueSpecification","valueRequired":true,"valueName":"search_term_string"}}],"inLanguage":"en-GB"},{"@type":"Organization","@id":"https:\/\/ifta-ag.de\/#organization","name":"IFTA AG - Kompetenz aus einer Hand.","url":"https:\/\/ifta-ag.de\/","logo":{"@type":"ImageObject","inLanguage":"en-GB","@id":"https:\/\/ifta-ag.de\/#\/schema\/logo\/image\/","url":"https:\/\/ifta-ag.de\/wp-content\/uploads\/2025\/08\/IFTA-AG-Logo-01.png","contentUrl":"https:\/\/ifta-ag.de\/wp-content\/uploads\/2025\/08\/IFTA-AG-Logo-01.png","width":541,"height":176,"caption":"IFTA AG - Kompetenz aus einer Hand."},"image":{"@id":"https:\/\/ifta-ag.de\/#\/schema\/logo\/image\/"}}]}},"_links":{"self":[{"href":"http:\/\/ifta-ag.de\/en\/wp-json\/wp\/v2\/pages\/866","targetHints":{"allow":["GET"]}}],"collection":[{"href":"http:\/\/ifta-ag.de\/en\/wp-json\/wp\/v2\/pages"}],"about":[{"href":"http:\/\/ifta-ag.de\/en\/wp-json\/wp\/v2\/types\/page"}],"author":[{"embeddable":true,"href":"http:\/\/ifta-ag.de\/en\/wp-json\/wp\/v2\/users\/1"}],"replies":[{"embeddable":true,"href":"http:\/\/ifta-ag.de\/en\/wp-json\/wp\/v2\/comments?post=866"}],"version-history":[{"count":28,"href":"http:\/\/ifta-ag.de\/en\/wp-json\/wp\/v2\/pages\/866\/revisions"}],"predecessor-version":[{"id":1393,"href":"http:\/\/ifta-ag.de\/en\/wp-json\/wp\/v2\/pages\/866\/revisions\/1393"}],"up":[{"embeddable":true,"href":"http:\/\/ifta-ag.de\/en\/wp-json\/wp\/v2\/pages\/57"}],"wp:attachment":[{"href":"http:\/\/ifta-ag.de\/en\/wp-json\/wp\/v2\/media?parent=866"}],"curies":[{"name":"wp","href":"https:\/\/api.w.org\/{rel}","templated":true}]}}